{"id":13,"date":"2013-07-26T10:44:14","date_gmt":"2013-07-26T09:44:14","guid":{"rendered":"https:\/\/thelabinthebag.com\/?page_id=13"},"modified":"2019-09-24T09:28:42","modified_gmt":"2019-09-24T08:28:42","slug":"a-propos-de-the-lab-in-the-bag","status":"publish","type":"page","link":"https:\/\/thelabinthebag.com\/fr\/a-propos-de-the-lab-in-the-bag\/","title":{"rendered":"The Lab in the Bag"},"content":{"rendered":"<p><a href=\"https:\/\/thelabinthebag.com\/fr\/wp-content\/uploads\/sites\/3\/2015\/07\/transport-facile-easy-transport.jpg\" data-rel=\"lightbox-image-0\" data-rl_title=\"\" data-rl_caption=\"\" title=\"\"><img loading=\"lazy\" decoding=\"async\" class=\"aligncenter wp-image-569 size-full\" src=\"https:\/\/thelabinthebag.com\/fr\/wp-content\/uploads\/sites\/3\/2015\/07\/transport-facile-easy-transport.jpg\" alt=\"transport-facile-easy-transport\" width=\"800\" height=\"248\" srcset=\"https:\/\/thelabinthebag.com\/fr\/wp-content\/uploads\/sites\/3\/2015\/07\/transport-facile-easy-transport.jpg 800w, https:\/\/thelabinthebag.com\/fr\/wp-content\/uploads\/sites\/3\/2015\/07\/transport-facile-easy-transport-300x93.jpg 300w\" sizes=\"auto, (max-width: 800px) 100vw, 800px\" \/><\/a><\/p>\n<p>Concepteur et industriel de 2 gammes de produits et solutions:<\/p>\n<ul>\n<li>Espaces Immersifs Multi-sensoriels (\u00e9tudes, R&amp;D, communication, formation, bien-\u00eatre,&#8230;)<\/li>\n<li>Solutions mobiles et connect\u00e9es, et d&rsquo;outils d&rsquo;\u00e9tudes pour l&rsquo;analyse sensorielle<\/li>\n<\/ul>\n<p>Le concept <em>The Lab in the Bag<\/em> est n\u00e9 en 2013 afin de r\u00e9volutionner l\u2019univers des cabines sensorielles. Le premier brevet a \u00e9t\u00e9 mis en place par rapport aux travaux de <strong>Franck Saunier<\/strong> sur l\u2019innovation de rupture que constitue le laboratoire sensoriel nomade <strong><a href=\"https:\/\/thelabinthebag.com\/fr\/full-lab\/\" target=\"_blank\" rel=\"noopener noreferrer\">Full Lab<\/a><\/strong>.<\/p>\n<p>La veille des tendances technologiques ainsi que le partage constant avec nos partenaires charg\u00e9s d\u2019\u00e9tudes et nos clients nous permettent de proposer des id\u00e9es novatrices et tr\u00e8s cr\u00e9atives.<\/p>\n<p>L\u2019\u00e9quipe <em>The Lab in the Bag <\/em>poss\u00e8de des comp\u00e9tences pluridisciplinaires et travaille en synergie afin de r\u00e9pondre aux attentes sp\u00e9cifiques des clients (technologie du num\u00e9rique, proc\u00e9d\u00e9s de fabrication et mat\u00e9riaux, design industriel, marketing). \u00a0Nous travaillons \u00e9troitement avec le consommateur pour permettre de capter\u00a0 le v\u00e9cu et le ressenti en contexte r\u00e9el et dans la dur\u00e9e. Nos outils d\u00e9codent les d\u00e9sirs sous-jacents du consommateur et permette d\u2019atteindre une innovation en phase avec leurs attentes.<\/p>\n<p>Notre objectif est de leur apporter de nouvelles possibilit\u00e9s\u00a0:<\/p>\n<ul>\n<li>Plus fiables<\/li>\n<li>Plus flexibles<\/li>\n<li>Plus \u00e9conomiques<\/li>\n<\/ul>\n<p>Notre r\u00e9activit\u00e9 et notre pr\u00e9sence \u00e0 l\u2019international nous permettent de r\u00e9pondre aux demandes des clients op\u00e9rant hors de France et de satisfaire aux besoins en service apr\u00e8s-vente de mani\u00e8re rapide et efficace.<\/p>\n","protected":false},"excerpt":{"rendered":"<p>Concepteur et industriel de 2 gammes de produits et solutions: Espaces Immersifs Multi-sensoriels (\u00e9tudes, R&amp;D, communication, formation, bien-\u00eatre,&#8230;) Solutions mobiles et connect\u00e9es, et d&rsquo;outils d&rsquo;\u00e9tudes pour l&rsquo;analyse sensorielle Le concept The Lab in the Bag est n\u00e9 en 2013 afin de r\u00e9volutionner l\u2019univers des cabines sensorielles. Le premier brevet a \u00e9t\u00e9 mis en place par [&hellip;]<\/p>\n","protected":false},"author":1,"featured_media":0,"parent":0,"menu_order":0,"comment_status":"open","ping_status":"open","template":"","meta":{"footnotes":""},"class_list":["post-13","page","type-page","status-publish","hentry"],"yoast_head":"<!-- This site is optimized with the Yoast SEO plugin v27.4 - https:\/\/yoast.com\/product\/yoast-seo-wordpress\/ -->\n<title>THE LAB IN THE BAG - Pr\u00e9sentation<\/title>\n<meta name=\"description\" content=\"The Lab in the Bag est la division produits de Rep\u00e8res. Rep\u00e8res est un institut sp\u00e9cialis\u00e9 dans la recherche et les \u00e9tudes marketing, particuli\u00e8rement dans les tests de produits\" \/>\n<meta name=\"robots\" content=\"index, follow, max-snippet:-1, max-image-preview:large, max-video-preview:-1\" \/>\n<link rel=\"canonical\" href=\"https:\/\/thelabinthebag.com\/fr\/a-propos-de-the-lab-in-the-bag\/\" \/>\n<meta name=\"twitter:label1\" content=\"Dur\u00e9e de lecture estim\u00e9e\" \/>\n\t<meta name=\"twitter:data1\" content=\"1 minute\" \/>\n<script type=\"application\/ld+json\" class=\"yoast-schema-graph\">{\"@context\":\"https:\\\/\\\/schema.org\",\"@graph\":[{\"@type\":\"WebPage\",\"@id\":\"https:\\\/\\\/thelabinthebag.com\\\/fr\\\/a-propos-de-the-lab-in-the-bag\\\/\",\"url\":\"https:\\\/\\\/thelabinthebag.com\\\/fr\\\/a-propos-de-the-lab-in-the-bag\\\/\",\"name\":\"THE LAB IN THE BAG - Pr\u00e9sentation\",\"isPartOf\":{\"@id\":\"https:\\\/\\\/thelabinthebag.com\\\/fr\\\/#website\"},\"primaryImageOfPage\":{\"@id\":\"https:\\\/\\\/thelabinthebag.com\\\/fr\\\/a-propos-de-the-lab-in-the-bag\\\/#primaryimage\"},\"image\":{\"@id\":\"https:\\\/\\\/thelabinthebag.com\\\/fr\\\/a-propos-de-the-lab-in-the-bag\\\/#primaryimage\"},\"thumbnailUrl\":\"https:\\\/\\\/thelabinthebag.com\\\/fr\\\/wp-content\\\/uploads\\\/sites\\\/3\\\/2015\\\/07\\\/transport-facile-easy-transport.jpg\",\"datePublished\":\"2013-07-26T09:44:14+00:00\",\"dateModified\":\"2019-09-24T08:28:42+00:00\",\"description\":\"The Lab in the Bag est la division produits de Rep\u00e8res. Rep\u00e8res est un institut sp\u00e9cialis\u00e9 dans la recherche et les \u00e9tudes marketing, particuli\u00e8rement dans les tests de produits\",\"breadcrumb\":{\"@id\":\"https:\\\/\\\/thelabinthebag.com\\\/fr\\\/a-propos-de-the-lab-in-the-bag\\\/#breadcrumb\"},\"inLanguage\":\"fr-FR\",\"potentialAction\":[{\"@type\":\"ReadAction\",\"target\":[\"https:\\\/\\\/thelabinthebag.com\\\/fr\\\/a-propos-de-the-lab-in-the-bag\\\/\"]}]},{\"@type\":\"ImageObject\",\"inLanguage\":\"fr-FR\",\"@id\":\"https:\\\/\\\/thelabinthebag.com\\\/fr\\\/a-propos-de-the-lab-in-the-bag\\\/#primaryimage\",\"url\":\"https:\\\/\\\/thelabinthebag.com\\\/fr\\\/wp-content\\\/uploads\\\/sites\\\/3\\\/2015\\\/07\\\/transport-facile-easy-transport.jpg\",\"contentUrl\":\"https:\\\/\\\/thelabinthebag.com\\\/fr\\\/wp-content\\\/uploads\\\/sites\\\/3\\\/2015\\\/07\\\/transport-facile-easy-transport.jpg\",\"width\":800,\"height\":248,\"caption\":\"cabine analyse sensorielle-Sac de transport-Full Lab- cabine d'analyse sensorielle mobile et d\u00e9montable pour les tests-test organoleptique-produit-concept-packaging-Rep\u00e8res\"},{\"@type\":\"BreadcrumbList\",\"@id\":\"https:\\\/\\\/thelabinthebag.com\\\/fr\\\/a-propos-de-the-lab-in-the-bag\\\/#breadcrumb\",\"itemListElement\":[{\"@type\":\"ListItem\",\"position\":1,\"name\":\"Home\",\"item\":\"https:\\\/\\\/thelabinthebag.com\\\/fr\\\/\"},{\"@type\":\"ListItem\",\"position\":2,\"name\":\"The Lab in the Bag\"}]},{\"@type\":\"WebSite\",\"@id\":\"https:\\\/\\\/thelabinthebag.com\\\/fr\\\/#website\",\"url\":\"https:\\\/\\\/thelabinthebag.com\\\/fr\\\/\",\"name\":\"THE LAB in The Bag FR\",\"description\":\"\",\"potentialAction\":[{\"@type\":\"SearchAction\",\"target\":{\"@type\":\"EntryPoint\",\"urlTemplate\":\"https:\\\/\\\/thelabinthebag.com\\\/fr\\\/?s={search_term_string}\"},\"query-input\":{\"@type\":\"PropertyValueSpecification\",\"valueRequired\":true,\"valueName\":\"search_term_string\"}}],\"inLanguage\":\"fr-FR\"}]}<\/script>\n<!-- \/ Yoast SEO plugin. -->","yoast_head_json":{"title":"THE LAB IN THE BAG - Pr\u00e9sentation","description":"The Lab in the Bag est la division produits de Rep\u00e8res. Rep\u00e8res est un institut sp\u00e9cialis\u00e9 dans la recherche et les \u00e9tudes marketing, particuli\u00e8rement dans les tests de produits","robots":{"index":"index","follow":"follow","max-snippet":"max-snippet:-1","max-image-preview":"max-image-preview:large","max-video-preview":"max-video-preview:-1"},"canonical":"https:\/\/thelabinthebag.com\/fr\/a-propos-de-the-lab-in-the-bag\/","twitter_misc":{"Dur\u00e9e de lecture estim\u00e9e":"1 minute"},"schema":{"@context":"https:\/\/schema.org","@graph":[{"@type":"WebPage","@id":"https:\/\/thelabinthebag.com\/fr\/a-propos-de-the-lab-in-the-bag\/","url":"https:\/\/thelabinthebag.com\/fr\/a-propos-de-the-lab-in-the-bag\/","name":"THE LAB IN THE BAG - Pr\u00e9sentation","isPartOf":{"@id":"https:\/\/thelabinthebag.com\/fr\/#website"},"primaryImageOfPage":{"@id":"https:\/\/thelabinthebag.com\/fr\/a-propos-de-the-lab-in-the-bag\/#primaryimage"},"image":{"@id":"https:\/\/thelabinthebag.com\/fr\/a-propos-de-the-lab-in-the-bag\/#primaryimage"},"thumbnailUrl":"https:\/\/thelabinthebag.com\/fr\/wp-content\/uploads\/sites\/3\/2015\/07\/transport-facile-easy-transport.jpg","datePublished":"2013-07-26T09:44:14+00:00","dateModified":"2019-09-24T08:28:42+00:00","description":"The Lab in the Bag est la division produits de Rep\u00e8res. Rep\u00e8res est un institut sp\u00e9cialis\u00e9 dans la recherche et les \u00e9tudes marketing, particuli\u00e8rement dans les tests de produits","breadcrumb":{"@id":"https:\/\/thelabinthebag.com\/fr\/a-propos-de-the-lab-in-the-bag\/#breadcrumb"},"inLanguage":"fr-FR","potentialAction":[{"@type":"ReadAction","target":["https:\/\/thelabinthebag.com\/fr\/a-propos-de-the-lab-in-the-bag\/"]}]},{"@type":"ImageObject","inLanguage":"fr-FR","@id":"https:\/\/thelabinthebag.com\/fr\/a-propos-de-the-lab-in-the-bag\/#primaryimage","url":"https:\/\/thelabinthebag.com\/fr\/wp-content\/uploads\/sites\/3\/2015\/07\/transport-facile-easy-transport.jpg","contentUrl":"https:\/\/thelabinthebag.com\/fr\/wp-content\/uploads\/sites\/3\/2015\/07\/transport-facile-easy-transport.jpg","width":800,"height":248,"caption":"cabine analyse sensorielle-Sac de transport-Full Lab- cabine d'analyse sensorielle mobile et d\u00e9montable pour les tests-test organoleptique-produit-concept-packaging-Rep\u00e8res"},{"@type":"BreadcrumbList","@id":"https:\/\/thelabinthebag.com\/fr\/a-propos-de-the-lab-in-the-bag\/#breadcrumb","itemListElement":[{"@type":"ListItem","position":1,"name":"Home","item":"https:\/\/thelabinthebag.com\/fr\/"},{"@type":"ListItem","position":2,"name":"The Lab in the Bag"}]},{"@type":"WebSite","@id":"https:\/\/thelabinthebag.com\/fr\/#website","url":"https:\/\/thelabinthebag.com\/fr\/","name":"THE LAB in The Bag FR","description":"","potentialAction":[{"@type":"SearchAction","target":{"@type":"EntryPoint","urlTemplate":"https:\/\/thelabinthebag.com\/fr\/?s={search_term_string}"},"query-input":{"@type":"PropertyValueSpecification","valueRequired":true,"valueName":"search_term_string"}}],"inLanguage":"fr-FR"}]}},"_links":{"self":[{"href":"https:\/\/thelabinthebag.com\/fr\/wp-json\/wp\/v2\/pages\/13","targetHints":{"allow":["GET"]}}],"collection":[{"href":"https:\/\/thelabinthebag.com\/fr\/wp-json\/wp\/v2\/pages"}],"about":[{"href":"https:\/\/thelabinthebag.com\/fr\/wp-json\/wp\/v2\/types\/page"}],"author":[{"embeddable":true,"href":"https:\/\/thelabinthebag.com\/fr\/wp-json\/wp\/v2\/users\/1"}],"replies":[{"embeddable":true,"href":"https:\/\/thelabinthebag.com\/fr\/wp-json\/wp\/v2\/comments?post=13"}],"version-history":[{"count":0,"href":"https:\/\/thelabinthebag.com\/fr\/wp-json\/wp\/v2\/pages\/13\/revisions"}],"wp:attachment":[{"href":"https:\/\/thelabinthebag.com\/fr\/wp-json\/wp\/v2\/media?parent=13"}],"curies":[{"name":"wp","href":"https:\/\/api.w.org\/{rel}","templated":true}]}}