{"id":1443,"date":"2021-04-16T09:58:09","date_gmt":"2021-04-16T08:58:09","guid":{"rendered":"https:\/\/thelabinthebag.com\/fr\/?page_id=1443"},"modified":"2025-03-25T11:29:38","modified_gmt":"2025-03-25T10:29:38","slug":"table-lab-solo","status":"publish","type":"page","link":"https:\/\/thelabinthebag.com\/fr\/table-lab-solo\/","title":{"rendered":"Table Lab Solo"},"content":{"rendered":"<div class=\"su-tabs su-tabs-style-default su-tabs-mobile-stack\" data-active=\"1\" data-scroll-offset=\"0\" data-anchor-in-url=\"no\"><div class=\"su-tabs-nav\"><span class=\"\" data-anchor=\"avantages\" data-url=\"\" data-target=\"blank\" tabindex=\"0\" role=\"button\">Avantages cl\u00e9s<\/span><span class=\"\" data-anchor=\"caracteristiques\" data-url=\"\" data-target=\"blank\" tabindex=\"0\" role=\"button\">Caract\u00e9ristiques techniques<\/span><span class=\"\" data-anchor=\"photos\" data-url=\"\" data-target=\"blank\" tabindex=\"0\" role=\"button\">Photos<\/span><\/div><div class=\"su-tabs-panes\"><div class=\"su-tabs-pane su-u-clearfix su-u-trim\" data-title=\"Avantages cl\u00e9s\">\n<p><a href=\"https:\/\/thelabinthebag.com\/wp-content\/uploads\/2021\/04\/TableLab-Solo-1.jpg\" data-rel=\"lightbox-image-0\" data-rl_title=\"\" data-rl_caption=\"\" title=\"\"><img loading=\"lazy\" decoding=\"async\" class=\"aligncenter wp-image-1211 size-full\" src=\"https:\/\/thelabinthebag.com\/wp-content\/uploads\/2021\/04\/TableLab-Solo-1-e1618561888938.jpg\" alt=\"\" width=\"1000\" height=\"452\" \/><\/a><\/p>\n<p>&nbsp;<\/p>\n<h2>TABLE LAB SOLO &#8211; Le poste sensoriel convertible<\/h2>\n<p style=\"text-align: left;\">La <strong>Table Lab Solo<\/strong> permet de transformer rapidement une salle de r\u00e9union ou de focus group en laboratoire d\u2019analyses sensorielles (gustatif, olfactif, visuel et qualitatif &#8230;) en les \u00e9quipant de postes Desktop et leurs accessoires.<\/p>\n<blockquote>\n<h4>Sur demande, nous pouvons concevoir une Table Lab Solo avec des dimensions diff\u00e9rentes.<\/h4>\n<p>&nbsp;<\/p><\/blockquote>\n<p><a class=\"button\" href=\"\/contact-us\">Nous contacter<\/a><\/p>\n<p><a href=\"https:\/\/thelabinthebag.com\/wp-content\/uploads\/2021\/04\/TableLab-Solo-11.jpg\" data-rel=\"lightbox-image-1\" data-rl_title=\"\" data-rl_caption=\"\" title=\"\"><img loading=\"lazy\" decoding=\"async\" class=\"alignnone wp-image-1210 size-full\" src=\"https:\/\/thelabinthebag.com\/wp-content\/uploads\/2021\/04\/TableLab-Solo-11-e1618562241857.jpg\" alt=\"\" width=\"1000\" height=\"502\" \/><\/a><\/p>\n<\/div>\n<div class=\"su-tabs-pane su-u-clearfix su-u-trim\" data-title=\"Caract\u00e9ristiques techniques\">\n<h2>Caract\u00e9ristiques techniques<\/h2>\n<p><u>Dimensions<\/u>: largeur 760 mm x profondeur 750 mm x hauteur 700 mm \u2013 Mode repli\u00e9 760 mm x 250 mm x 700 mm<br \/>\n<u>Poids<\/u>: 20.0 kg<br \/>\n<strong><u>Temps de montage<\/u><\/strong>: 1 minute<\/p>\n<p><strong>Information additionnelle<\/strong><\/p>\n<ul>\n<li>Cr\u00e9ation de salles d&rsquo;analyse sensorielle temporaire<\/li>\n<li>1 cabine d&rsquo;analyse sensorielle Desktop Lab peut \u00eatre rang\u00e9e dans le syst\u00e8me de rangement de la Table Lab Solo<\/li>\n<\/ul>\n<p><strong>Options :<\/strong><\/p>\n<ul>\n<li>Bandeau d\u2019\u00e9clairage\u00a0LED standard blanc<\/li>\n<li>Kit analyse 3 lumi\u00e8res ( lumi\u00e8re du jour, domestique et rouge\u00a0)<\/li>\n<li>Trou passe-c\u00e2bles pour\u00a0\u00e9quipement informatique<\/li>\n<li>Paroi s\u00e9parative<\/li>\n<li>Prises \u00e9lectriques et informatiques<\/li>\n<\/ul>\n\n\t\t<style type=\"text\/css\">\n\t\t\t#gallery-1 {\n\t\t\t\tmargin: auto;\n\t\t\t}\n\t\t\t#gallery-1 .gallery-item {\n\t\t\t\tfloat: left;\n\t\t\t\tmargin-top: 10px;\n\t\t\t\ttext-align: center;\n\t\t\t\twidth: 50%;\n\t\t\t}\n\t\t\t#gallery-1 img {\n\t\t\t\tborder: 2px solid #cfcfcf;\n\t\t\t}\n\t\t\t#gallery-1 .gallery-caption {\n\t\t\t\tmargin-left: 0;\n\t\t\t}\n\t\t\t\/* see gallery_shortcode() in wp-includes\/media.php *\/\n\t\t<\/style>\n\t\t<div id='gallery-1' class='gallery galleryid-1443 gallery-columns-2 gallery-size-medium'><dl class='gallery-item'>\n\t\t\t<dt class='gallery-icon portrait'>\n\t\t\t\t<a href='https:\/\/thelabinthebag.com\/fr\/wp-content\/uploads\/sites\/3\/2021\/04\/TableLab-Solo-10.jpg' title=\"\" data-rl_title=\"\" class=\"rl-gallery-link\" data-rl_caption=\"\" data-rel=\"lightbox-gallery-1\"><img loading=\"lazy\" decoding=\"async\" width=\"264\" height=\"300\" src=\"https:\/\/thelabinthebag.com\/fr\/wp-content\/uploads\/sites\/3\/2021\/04\/TableLab-Solo-10-264x300.jpg\" class=\"attachment-medium size-medium\" alt=\"\" srcset=\"https:\/\/thelabinthebag.com\/fr\/wp-content\/uploads\/sites\/3\/2021\/04\/TableLab-Solo-10-264x300.jpg 264w, https:\/\/thelabinthebag.com\/fr\/wp-content\/uploads\/sites\/3\/2021\/04\/TableLab-Solo-10-901x1024.jpg 901w, https:\/\/thelabinthebag.com\/fr\/wp-content\/uploads\/sites\/3\/2021\/04\/TableLab-Solo-10-768x873.jpg 768w, https:\/\/thelabinthebag.com\/fr\/wp-content\/uploads\/sites\/3\/2021\/04\/TableLab-Solo-10.jpg 1000w\" sizes=\"auto, (max-width: 264px) 100vw, 264px\" \/><\/a>\n\t\t\t<\/dt><\/dl><dl class='gallery-item'>\n\t\t\t<dt class='gallery-icon landscape'>\n\t\t\t\t<a href='https:\/\/thelabinthebag.com\/fr\/wp-content\/uploads\/sites\/3\/2021\/04\/TableLab-Solo-9.jpg' title=\"\" data-rl_title=\"\" class=\"rl-gallery-link\" data-rl_caption=\"\" data-rel=\"lightbox-gallery-1\"><img loading=\"lazy\" decoding=\"async\" width=\"300\" height=\"294\" src=\"https:\/\/thelabinthebag.com\/fr\/wp-content\/uploads\/sites\/3\/2021\/04\/TableLab-Solo-9-300x294.jpg\" class=\"attachment-medium size-medium\" alt=\"\" srcset=\"https:\/\/thelabinthebag.com\/fr\/wp-content\/uploads\/sites\/3\/2021\/04\/TableLab-Solo-9-300x294.jpg 300w, https:\/\/thelabinthebag.com\/fr\/wp-content\/uploads\/sites\/3\/2021\/04\/TableLab-Solo-9-768x751.jpg 768w, https:\/\/thelabinthebag.com\/fr\/wp-content\/uploads\/sites\/3\/2021\/04\/TableLab-Solo-9.jpg 1022w\" sizes=\"auto, (max-width: 300px) 100vw, 300px\" \/><\/a>\n\t\t\t<\/dt><\/dl><br style=\"clear: both\" \/>\n\t\t<\/div>\n\n<p><a class=\"button\" href=\"\/contact-us\">Contact us<\/a><\/p>\n<\/div>\n<div class=\"su-tabs-pane su-u-clearfix su-u-trim\" data-title=\"Photos\">\n\n\t\t<style type=\"text\/css\">\n\t\t\t#gallery-2 {\n\t\t\t\tmargin: auto;\n\t\t\t}\n\t\t\t#gallery-2 .gallery-item {\n\t\t\t\tfloat: left;\n\t\t\t\tmargin-top: 10px;\n\t\t\t\ttext-align: center;\n\t\t\t\twidth: 33%;\n\t\t\t}\n\t\t\t#gallery-2 img {\n\t\t\t\tborder: 2px solid #cfcfcf;\n\t\t\t}\n\t\t\t#gallery-2 .gallery-caption {\n\t\t\t\tmargin-left: 0;\n\t\t\t}\n\t\t\t\/* see gallery_shortcode() in wp-includes\/media.php *\/\n\t\t<\/style>\n\t\t<div id='gallery-2' class='gallery galleryid-1443 gallery-columns-3 gallery-size-thumbnail'><dl class='gallery-item'>\n\t\t\t<dt class='gallery-icon landscape'>\n\t\t\t\t<a href='https:\/\/thelabinthebag.com\/fr\/wp-content\/uploads\/sites\/3\/2021\/04\/TableLab-Solo-1.jpg' title=\"\" data-rl_title=\"\" class=\"rl-gallery-link\" data-rl_caption=\"\" data-rel=\"lightbox-gallery-2\"><img loading=\"lazy\" decoding=\"async\" width=\"150\" height=\"150\" src=\"https:\/\/thelabinthebag.com\/fr\/wp-content\/uploads\/sites\/3\/2021\/04\/TableLab-Solo-1-150x150.jpg\" class=\"attachment-thumbnail size-thumbnail\" alt=\"\" \/><\/a>\n\t\t\t<\/dt><\/dl><dl class='gallery-item'>\n\t\t\t<dt class='gallery-icon portrait'>\n\t\t\t\t<a href='https:\/\/thelabinthebag.com\/fr\/wp-content\/uploads\/sites\/3\/2021\/04\/TableLab-Solo-2.jpg' title=\"\" data-rl_title=\"\" class=\"rl-gallery-link\" data-rl_caption=\"\" data-rel=\"lightbox-gallery-2\"><img loading=\"lazy\" decoding=\"async\" width=\"150\" height=\"150\" src=\"https:\/\/thelabinthebag.com\/fr\/wp-content\/uploads\/sites\/3\/2021\/04\/TableLab-Solo-2-150x150.jpg\" class=\"attachment-thumbnail size-thumbnail\" alt=\"\" \/><\/a>\n\t\t\t<\/dt><\/dl><dl class='gallery-item'>\n\t\t\t<dt class='gallery-icon portrait'>\n\t\t\t\t<a href='https:\/\/thelabinthebag.com\/fr\/wp-content\/uploads\/sites\/3\/2021\/04\/TableLab-Solo-3.jpg' title=\"\" data-rl_title=\"\" class=\"rl-gallery-link\" data-rl_caption=\"\" data-rel=\"lightbox-gallery-2\"><img loading=\"lazy\" decoding=\"async\" width=\"150\" height=\"150\" src=\"https:\/\/thelabinthebag.com\/fr\/wp-content\/uploads\/sites\/3\/2021\/04\/TableLab-Solo-3-150x150.jpg\" class=\"attachment-thumbnail size-thumbnail\" alt=\"\" \/><\/a>\n\t\t\t<\/dt><\/dl><br style=\"clear: both\" \/><dl class='gallery-item'>\n\t\t\t<dt class='gallery-icon portrait'>\n\t\t\t\t<a href='https:\/\/thelabinthebag.com\/fr\/wp-content\/uploads\/sites\/3\/2021\/04\/TableLab-Solo-4.jpg' title=\"\" data-rl_title=\"\" class=\"rl-gallery-link\" data-rl_caption=\"\" data-rel=\"lightbox-gallery-2\"><img loading=\"lazy\" decoding=\"async\" width=\"150\" height=\"150\" src=\"https:\/\/thelabinthebag.com\/fr\/wp-content\/uploads\/sites\/3\/2021\/04\/TableLab-Solo-4-150x150.jpg\" class=\"attachment-thumbnail size-thumbnail\" alt=\"\" \/><\/a>\n\t\t\t<\/dt><\/dl><dl class='gallery-item'>\n\t\t\t<dt class='gallery-icon portrait'>\n\t\t\t\t<a href='https:\/\/thelabinthebag.com\/fr\/wp-content\/uploads\/sites\/3\/2021\/04\/TableLab-Solo-5.jpg' title=\"\" data-rl_title=\"\" class=\"rl-gallery-link\" data-rl_caption=\"\" data-rel=\"lightbox-gallery-2\"><img loading=\"lazy\" decoding=\"async\" width=\"150\" height=\"150\" src=\"https:\/\/thelabinthebag.com\/fr\/wp-content\/uploads\/sites\/3\/2021\/04\/TableLab-Solo-5-150x150.jpg\" class=\"attachment-thumbnail size-thumbnail\" alt=\"\" \/><\/a>\n\t\t\t<\/dt><\/dl><dl class='gallery-item'>\n\t\t\t<dt class='gallery-icon portrait'>\n\t\t\t\t<a href='https:\/\/thelabinthebag.com\/fr\/wp-content\/uploads\/sites\/3\/2021\/04\/TableLab-Solo-6.jpg' title=\"\" data-rl_title=\"\" class=\"rl-gallery-link\" data-rl_caption=\"\" data-rel=\"lightbox-gallery-2\"><img loading=\"lazy\" decoding=\"async\" width=\"150\" height=\"150\" src=\"https:\/\/thelabinthebag.com\/fr\/wp-content\/uploads\/sites\/3\/2021\/04\/TableLab-Solo-6-150x150.jpg\" class=\"attachment-thumbnail size-thumbnail\" alt=\"\" \/><\/a>\n\t\t\t<\/dt><\/dl><br style=\"clear: both\" \/><dl class='gallery-item'>\n\t\t\t<dt class='gallery-icon portrait'>\n\t\t\t\t<a href='https:\/\/thelabinthebag.com\/fr\/wp-content\/uploads\/sites\/3\/2021\/04\/TableLab-Solo-7.jpg' title=\"\" data-rl_title=\"\" class=\"rl-gallery-link\" data-rl_caption=\"\" data-rel=\"lightbox-gallery-2\"><img loading=\"lazy\" decoding=\"async\" width=\"150\" height=\"150\" src=\"https:\/\/thelabinthebag.com\/fr\/wp-content\/uploads\/sites\/3\/2021\/04\/TableLab-Solo-7-150x150.jpg\" class=\"attachment-thumbnail size-thumbnail\" alt=\"\" \/><\/a>\n\t\t\t<\/dt><\/dl><dl class='gallery-item'>\n\t\t\t<dt class='gallery-icon landscape'>\n\t\t\t\t<a href='https:\/\/thelabinthebag.com\/fr\/wp-content\/uploads\/sites\/3\/2021\/04\/TableLab-Solo-8.jpg' title=\"\" data-rl_title=\"\" class=\"rl-gallery-link\" data-rl_caption=\"\" data-rel=\"lightbox-gallery-2\"><img loading=\"lazy\" decoding=\"async\" width=\"150\" height=\"150\" src=\"https:\/\/thelabinthebag.com\/fr\/wp-content\/uploads\/sites\/3\/2021\/04\/TableLab-Solo-8-150x150.jpg\" class=\"attachment-thumbnail size-thumbnail\" alt=\"\" \/><\/a>\n\t\t\t<\/dt><\/dl>\n\t\t\t<br style='clear: both' \/>\n\t\t<\/div>\n\n<\/div><\/div><\/div>\n","protected":false},"excerpt":{"rendered":"","protected":false},"author":5,"featured_media":0,"parent":0,"menu_order":0,"comment_status":"closed","ping_status":"closed","template":"","meta":{"footnotes":""},"class_list":["post-1443","page","type-page","status-publish","hentry"],"yoast_head":"<!-- This site is optimized with the Yoast SEO plugin v27.4 - https:\/\/yoast.com\/product\/yoast-seo-wordpress\/ -->\n<title>Table Lab Solo - THE LAB in The Bag FR<\/title>\n<meta name=\"robots\" content=\"index, follow, max-snippet:-1, max-image-preview:large, max-video-preview:-1\" \/>\n<link rel=\"canonical\" href=\"https:\/\/thelabinthebag.com\/fr\/table-lab-solo\/\" \/>\n<meta name=\"twitter:label1\" content=\"Dur\u00e9e de lecture estim\u00e9e\" \/>\n\t<meta name=\"twitter:data1\" content=\"2 minutes\" \/>\n<script type=\"application\/ld+json\" class=\"yoast-schema-graph\">{\"@context\":\"https:\\\/\\\/schema.org\",\"@graph\":[{\"@type\":\"WebPage\",\"@id\":\"https:\\\/\\\/thelabinthebag.com\\\/fr\\\/table-lab-solo\\\/\",\"url\":\"https:\\\/\\\/thelabinthebag.com\\\/fr\\\/table-lab-solo\\\/\",\"name\":\"Table Lab Solo - THE LAB in The Bag FR\",\"isPartOf\":{\"@id\":\"https:\\\/\\\/thelabinthebag.com\\\/fr\\\/#website\"},\"primaryImageOfPage\":{\"@id\":\"https:\\\/\\\/thelabinthebag.com\\\/fr\\\/table-lab-solo\\\/#primaryimage\"},\"image\":{\"@id\":\"https:\\\/\\\/thelabinthebag.com\\\/fr\\\/table-lab-solo\\\/#primaryimage\"},\"thumbnailUrl\":\"https:\\\/\\\/thelabinthebag.com\\\/wp-content\\\/uploads\\\/2021\\\/04\\\/TableLab-Solo-1-e1618561888938.jpg\",\"datePublished\":\"2021-04-16T08:58:09+00:00\",\"dateModified\":\"2025-03-25T10:29:38+00:00\",\"breadcrumb\":{\"@id\":\"https:\\\/\\\/thelabinthebag.com\\\/fr\\\/table-lab-solo\\\/#breadcrumb\"},\"inLanguage\":\"fr-FR\",\"potentialAction\":[{\"@type\":\"ReadAction\",\"target\":[\"https:\\\/\\\/thelabinthebag.com\\\/fr\\\/table-lab-solo\\\/\"]}]},{\"@type\":\"ImageObject\",\"inLanguage\":\"fr-FR\",\"@id\":\"https:\\\/\\\/thelabinthebag.com\\\/fr\\\/table-lab-solo\\\/#primaryimage\",\"url\":\"https:\\\/\\\/thelabinthebag.com\\\/wp-content\\\/uploads\\\/2021\\\/04\\\/TableLab-Solo-1-e1618561888938.jpg\",\"contentUrl\":\"https:\\\/\\\/thelabinthebag.com\\\/wp-content\\\/uploads\\\/2021\\\/04\\\/TableLab-Solo-1-e1618561888938.jpg\"},{\"@type\":\"BreadcrumbList\",\"@id\":\"https:\\\/\\\/thelabinthebag.com\\\/fr\\\/table-lab-solo\\\/#breadcrumb\",\"itemListElement\":[{\"@type\":\"ListItem\",\"position\":1,\"name\":\"Home\",\"item\":\"https:\\\/\\\/thelabinthebag.com\\\/fr\\\/\"},{\"@type\":\"ListItem\",\"position\":2,\"name\":\"Table Lab Solo\"}]},{\"@type\":\"WebSite\",\"@id\":\"https:\\\/\\\/thelabinthebag.com\\\/fr\\\/#website\",\"url\":\"https:\\\/\\\/thelabinthebag.com\\\/fr\\\/\",\"name\":\"THE LAB in The Bag FR\",\"description\":\"\",\"potentialAction\":[{\"@type\":\"SearchAction\",\"target\":{\"@type\":\"EntryPoint\",\"urlTemplate\":\"https:\\\/\\\/thelabinthebag.com\\\/fr\\\/?s={search_term_string}\"},\"query-input\":{\"@type\":\"PropertyValueSpecification\",\"valueRequired\":true,\"valueName\":\"search_term_string\"}}],\"inLanguage\":\"fr-FR\"}]}<\/script>\n<!-- \/ Yoast SEO plugin. -->","yoast_head_json":{"title":"Table Lab Solo - THE LAB in The Bag FR","robots":{"index":"index","follow":"follow","max-snippet":"max-snippet:-1","max-image-preview":"max-image-preview:large","max-video-preview":"max-video-preview:-1"},"canonical":"https:\/\/thelabinthebag.com\/fr\/table-lab-solo\/","twitter_misc":{"Dur\u00e9e de lecture estim\u00e9e":"2 minutes"},"schema":{"@context":"https:\/\/schema.org","@graph":[{"@type":"WebPage","@id":"https:\/\/thelabinthebag.com\/fr\/table-lab-solo\/","url":"https:\/\/thelabinthebag.com\/fr\/table-lab-solo\/","name":"Table Lab Solo - THE LAB in The Bag FR","isPartOf":{"@id":"https:\/\/thelabinthebag.com\/fr\/#website"},"primaryImageOfPage":{"@id":"https:\/\/thelabinthebag.com\/fr\/table-lab-solo\/#primaryimage"},"image":{"@id":"https:\/\/thelabinthebag.com\/fr\/table-lab-solo\/#primaryimage"},"thumbnailUrl":"https:\/\/thelabinthebag.com\/wp-content\/uploads\/2021\/04\/TableLab-Solo-1-e1618561888938.jpg","datePublished":"2021-04-16T08:58:09+00:00","dateModified":"2025-03-25T10:29:38+00:00","breadcrumb":{"@id":"https:\/\/thelabinthebag.com\/fr\/table-lab-solo\/#breadcrumb"},"inLanguage":"fr-FR","potentialAction":[{"@type":"ReadAction","target":["https:\/\/thelabinthebag.com\/fr\/table-lab-solo\/"]}]},{"@type":"ImageObject","inLanguage":"fr-FR","@id":"https:\/\/thelabinthebag.com\/fr\/table-lab-solo\/#primaryimage","url":"https:\/\/thelabinthebag.com\/wp-content\/uploads\/2021\/04\/TableLab-Solo-1-e1618561888938.jpg","contentUrl":"https:\/\/thelabinthebag.com\/wp-content\/uploads\/2021\/04\/TableLab-Solo-1-e1618561888938.jpg"},{"@type":"BreadcrumbList","@id":"https:\/\/thelabinthebag.com\/fr\/table-lab-solo\/#breadcrumb","itemListElement":[{"@type":"ListItem","position":1,"name":"Home","item":"https:\/\/thelabinthebag.com\/fr\/"},{"@type":"ListItem","position":2,"name":"Table Lab Solo"}]},{"@type":"WebSite","@id":"https:\/\/thelabinthebag.com\/fr\/#website","url":"https:\/\/thelabinthebag.com\/fr\/","name":"THE LAB in The Bag FR","description":"","potentialAction":[{"@type":"SearchAction","target":{"@type":"EntryPoint","urlTemplate":"https:\/\/thelabinthebag.com\/fr\/?s={search_term_string}"},"query-input":{"@type":"PropertyValueSpecification","valueRequired":true,"valueName":"search_term_string"}}],"inLanguage":"fr-FR"}]}},"_links":{"self":[{"href":"https:\/\/thelabinthebag.com\/fr\/wp-json\/wp\/v2\/pages\/1443","targetHints":{"allow":["GET"]}}],"collection":[{"href":"https:\/\/thelabinthebag.com\/fr\/wp-json\/wp\/v2\/pages"}],"about":[{"href":"https:\/\/thelabinthebag.com\/fr\/wp-json\/wp\/v2\/types\/page"}],"author":[{"embeddable":true,"href":"https:\/\/thelabinthebag.com\/fr\/wp-json\/wp\/v2\/users\/5"}],"replies":[{"embeddable":true,"href":"https:\/\/thelabinthebag.com\/fr\/wp-json\/wp\/v2\/comments?post=1443"}],"version-history":[{"count":1,"href":"https:\/\/thelabinthebag.com\/fr\/wp-json\/wp\/v2\/pages\/1443\/revisions"}],"predecessor-version":[{"id":1715,"href":"https:\/\/thelabinthebag.com\/fr\/wp-json\/wp\/v2\/pages\/1443\/revisions\/1715"}],"wp:attachment":[{"href":"https:\/\/thelabinthebag.com\/fr\/wp-json\/wp\/v2\/media?parent=1443"}],"curies":[{"name":"wp","href":"https:\/\/api.w.org\/{rel}","templated":true}]}}