{"id":253,"date":"2015-07-08T09:18:01","date_gmt":"2015-07-08T08:18:01","guid":{"rendered":"http:\/\/thelabinthebag.enligne.paris\/?page_id=224"},"modified":"2024-01-11T09:51:52","modified_gmt":"2024-01-11T08:51:52","slug":"lite-lab","status":"publish","type":"page","link":"https:\/\/thelabinthebag.com\/fr\/lite-lab\/","title":{"rendered":"Lite Lab"},"content":{"rendered":"<div class=\"su-tabs su-tabs-style-default su-tabs-mobile-stack\" data-active=\"1\" data-scroll-offset=\"0\" data-anchor-in-url=\"no\"><div class=\"su-tabs-nav\"><span class=\"\" data-anchor=\"avantages\" data-url=\"\" data-target=\"blank\" tabindex=\"0\" role=\"button\">Avantages cl\u00e9s<\/span><span class=\"\" data-anchor=\"caracteristiques\" data-url=\"\" data-target=\"blank\" tabindex=\"0\" role=\"button\">Caract\u00e9ristiques techniques<\/span><span class=\"\" data-anchor=\"galerie\" data-url=\"\" data-target=\"blank\" tabindex=\"0\" role=\"button\">Galerie photo<\/span><\/div><div class=\"su-tabs-panes\"><div class=\"su-tabs-pane su-u-clearfix su-u-trim\" data-title=\"Avantages cl\u00e9s\">\n<p><a href=\"https:\/\/thelabinthebag.com\/fr\/wp-content\/uploads\/sites\/3\/2015\/07\/lite-lab.jpg\" data-rel=\"lightbox-image-0\" data-rl_title=\"\" data-rl_caption=\"\" title=\"\"><img loading=\"lazy\" decoding=\"async\" class=\"size-full wp-image-724 aligncenter\" src=\"https:\/\/thelabinthebag.com\/fr\/wp-content\/uploads\/sites\/3\/2015\/07\/lite-lab.jpg\" alt=\"lite-lab\" width=\"779\" height=\"331\" srcset=\"https:\/\/thelabinthebag.com\/fr\/wp-content\/uploads\/sites\/3\/2015\/07\/lite-lab.jpg 779w, https:\/\/thelabinthebag.com\/fr\/wp-content\/uploads\/sites\/3\/2015\/07\/lite-lab-300x127.jpg 300w\" sizes=\"auto, (max-width: 779px) 100vw, 779px\" \/><\/a><\/p>\n<h2>Box d&rsquo;analyse sensorielle mobile et pliable<\/h2>\n<ul>\n<li><strong>Box\u00a0d&rsquo;analyse sensorielle nomade<\/strong><\/li>\n<li><strong>Mod\u00e8le d\u00e9montable et facilement transportable pour une utilisation ponctuelle<\/strong><\/li>\n<\/ul>\n<p>Les mati\u00e8res utilis\u00e9es n&rsquo;\u00e9mettent aucune odeur et elles ne s\u2019impr\u00e8gnent pas non plus des odeurs lors des tests.<\/p>\n<p>Le design est neutre et en ad\u00e9quation avec l&rsquo;isolation au\u00a0niveau du contexte pour le testeur.<\/p>\n<p>Ce poste d&rsquo;analyses sensorielles permet d&rsquo;\u00eatre parfaitement autonome pour \u00e9quiper des salles non \u00e9quip\u00e9es de tables et de chaises.<\/p>\n<p>Les cabines Lite Lab peuvent \u00eatre fix\u00e9es selon vos souhaits, par exemple en tant qu&rsquo;installation permanente, mais elles restent facilement transportables et flexibles si besoin.<\/p>\n<p>Le kit Lite Lab est fourni avec les \u00e9quipements suivants :<\/p>\n<ul>\n<li>Un plan de travail en Aluminium certifi\u00e9 norme alimentaire et sans odeur<\/li>\n<li>Un interrupteur avec voyant d&rsquo;appel pour appeler le charg\u00e9 d&rsquo;\u00e9tudes<\/li>\n<li>Un \u00e9clairage LED couleur blanc<\/li>\n<li>Une trappe passe-plat<\/li>\n<li>Une chaise pliable<\/li>\n<\/ul>\n<p>Notre mod\u00e8le Lite Lab Premium est disponible en deux versions : <strong>fixe<\/strong>\u00a0et <strong>pliable<\/strong><\/p>\n<p>L&rsquo;entretien des cloisons\u00a0du box et du plan de travail se font\u00a0tr\u00e8s facilement sans d\u00e9gradation physique des mat\u00e9riaux.<\/p>\n<p>En accessoirisant vos boxes avec une <strong>Paroi s\u00e9parative<\/strong>, votre salle existante peut se transformer rapidement en un Laboratoire de\u00a0test sensoriel.<\/p>\n<p><a href=\"https:\/\/thelabinthebag.com\/fr\/wp-content\/uploads\/sites\/3\/2015\/07\/Lite-Booth-1.jpg\" data-rel=\"lightbox-image-1\" data-rl_title=\"\" data-rl_caption=\"\" title=\"\"><img loading=\"lazy\" decoding=\"async\" class=\"size-full wp-image-565 aligncenter\" src=\"https:\/\/thelabinthebag.com\/fr\/wp-content\/uploads\/sites\/3\/2015\/07\/Lite-Booth-1.jpg\" alt=\"Lite-Booth-1\" width=\"800\" height=\"440\" srcset=\"https:\/\/thelabinthebag.com\/fr\/wp-content\/uploads\/sites\/3\/2015\/07\/Lite-Booth-1.jpg 800w, https:\/\/thelabinthebag.com\/fr\/wp-content\/uploads\/sites\/3\/2015\/07\/Lite-Booth-1-300x165.jpg 300w\" sizes=\"auto, (max-width: 800px) 100vw, 800px\" \/><\/a><\/p>\n<p>&nbsp;<\/p>\n<\/div>\n<div class=\"su-tabs-pane su-u-clearfix su-u-trim\" data-title=\"Caract\u00e9ristiques techniques\">\n<p>&nbsp;<\/p>\n<p><strong><span style=\"text-decoration: underline;\">Dimensions<\/span>\u00a0<\/strong>: larg.\u00a01 m x prof. 0.52 m x haut. 1.50 m \u2013 plan de travail de 0.98 x 0.50 m<br \/>\n<strong><span style=\"text-decoration: underline;\">Poids total du kit Lite Lab incluant la chaise<\/span><\/strong> : 10 kg<br \/>\n<strong><span style=\"text-decoration: underline;\">Montage<\/span>\u00a0<\/strong>: 1 minute<\/p>\n<p><img loading=\"lazy\" decoding=\"async\" class=\"wp-image-566 alignleft\" src=\"https:\/\/thelabinthebag.com\/fr\/wp-content\/uploads\/sites\/3\/2015\/07\/Lite-Booth-2.jpg\" alt=\"Lite-Booth-2\" width=\"273\" height=\"344\" srcset=\"https:\/\/thelabinthebag.com\/fr\/wp-content\/uploads\/sites\/3\/2015\/07\/Lite-Booth-2.jpg 800w, https:\/\/thelabinthebag.com\/fr\/wp-content\/uploads\/sites\/3\/2015\/07\/Lite-Booth-2-238x300.jpg 238w\" sizes=\"auto, (max-width: 273px) 100vw, 273px\" \/><\/p>\n<p>&nbsp;<\/p>\n<h3>Des \u00e9quipements standards et sur demande :<\/h3>\n<ul>\n<li>Kit d\u2019\u00e9clairage (\u00c9clairage LED &#8211; couleur au choix : blanc chaud, blanc froid, blanc pur, vert ou rouge)<\/li>\n<li>Lavabo autonome escamotable \u00e9quip\u00e9 de 2 r\u00e9servoirs de 9l<\/li>\n<li>Tablette tactile (sur Andro\u00efd ou Apple)<\/li>\n<li>Parois de s\u00e9paration entre deux Lite Lab<\/li>\n<li>Tablette de travail arri\u00e8re<\/li>\n<\/ul>\n<\/div>\n<div class=\"su-tabs-pane su-u-clearfix su-u-trim\" data-title=\"Galerie photo\">\n\n\t\t<style type=\"text\/css\">\n\t\t\t#gallery-1 {\n\t\t\t\tmargin: auto;\n\t\t\t}\n\t\t\t#gallery-1 .gallery-item {\n\t\t\t\tfloat: left;\n\t\t\t\tmargin-top: 10px;\n\t\t\t\ttext-align: center;\n\t\t\t\twidth: 33%;\n\t\t\t}\n\t\t\t#gallery-1 img {\n\t\t\t\tborder: 2px solid #cfcfcf;\n\t\t\t}\n\t\t\t#gallery-1 .gallery-caption {\n\t\t\t\tmargin-left: 0;\n\t\t\t}\n\t\t\t\/* see gallery_shortcode() in wp-includes\/media.php *\/\n\t\t<\/style>\n\t\t<div id='gallery-1' class='gallery galleryid-253 gallery-columns-3 gallery-size-large'><dl class='gallery-item'>\n\t\t\t<dt class='gallery-icon landscape'>\n\t\t\t\t<a href='https:\/\/thelabinthebag.com\/fr\/wp-content\/uploads\/sites\/3\/2017\/02\/LITE-LAB-\u00c9tude-boisson-2.jpg' title=\"\" data-rl_title=\"\" class=\"rl-gallery-link\" data-rl_caption=\"\" data-rel=\"lightbox-gallery-1\"><img loading=\"lazy\" decoding=\"async\" width=\"1024\" height=\"678\" src=\"https:\/\/thelabinthebag.com\/fr\/wp-content\/uploads\/sites\/3\/2017\/02\/LITE-LAB-\u00c9tude-boisson-2-1024x678.jpg\" class=\"attachment-large size-large\" alt=\"cabine d&#039;analyse sensorielle mobile et d\u00e9montable pour les tests-test organoleptique-produit-concept-packaging-Rep\u00e8res\" aria-describedby=\"gallery-1-964\" srcset=\"https:\/\/thelabinthebag.com\/fr\/wp-content\/uploads\/sites\/3\/2017\/02\/LITE-LAB-\u00c9tude-boisson-2-1024x678.jpg 1024w, https:\/\/thelabinthebag.com\/fr\/wp-content\/uploads\/sites\/3\/2017\/02\/LITE-LAB-\u00c9tude-boisson-2-300x199.jpg 300w, https:\/\/thelabinthebag.com\/fr\/wp-content\/uploads\/sites\/3\/2017\/02\/LITE-LAB-\u00c9tude-boisson-2.jpg 1208w\" sizes=\"auto, (max-width: 1024px) 100vw, 1024px\" \/><\/a>\n\t\t\t<\/dt>\n\t\t\t\t<dd class='wp-caption-text gallery-caption' id='gallery-1-964'>\n\t\t\t\tLite Lab\n\t\t\t\t<\/dd><\/dl><dl class='gallery-item'>\n\t\t\t<dt class='gallery-icon landscape'>\n\t\t\t\t<a href='https:\/\/thelabinthebag.com\/fr\/wp-content\/uploads\/sites\/3\/2017\/02\/LITE-LAB-\u00c9tude-boisson-4.jpg' title=\"\" data-rl_title=\"\" class=\"rl-gallery-link\" data-rl_caption=\"\" data-rel=\"lightbox-gallery-1\"><img loading=\"lazy\" decoding=\"async\" width=\"1024\" height=\"678\" src=\"https:\/\/thelabinthebag.com\/fr\/wp-content\/uploads\/sites\/3\/2017\/02\/LITE-LAB-\u00c9tude-boisson-4-1024x678.jpg\" class=\"attachment-large size-large\" alt=\"cabine d&#039;analyse sensorielle mobile et d\u00e9montable pour les tests-test organoleptique-produit-concept-packaging-Rep\u00e8res\" aria-describedby=\"gallery-1-966\" srcset=\"https:\/\/thelabinthebag.com\/fr\/wp-content\/uploads\/sites\/3\/2017\/02\/LITE-LAB-\u00c9tude-boisson-4-1024x678.jpg 1024w, https:\/\/thelabinthebag.com\/fr\/wp-content\/uploads\/sites\/3\/2017\/02\/LITE-LAB-\u00c9tude-boisson-4-300x199.jpg 300w, https:\/\/thelabinthebag.com\/fr\/wp-content\/uploads\/sites\/3\/2017\/02\/LITE-LAB-\u00c9tude-boisson-4.jpg 1208w\" sizes=\"auto, (max-width: 1024px) 100vw, 1024px\" \/><\/a>\n\t\t\t<\/dt>\n\t\t\t\t<dd class='wp-caption-text gallery-caption' id='gallery-1-966'>\n\t\t\t\tLite Lab\n\t\t\t\t<\/dd><\/dl><dl class='gallery-item'>\n\t\t\t<dt class='gallery-icon landscape'>\n\t\t\t\t<a href='https:\/\/thelabinthebag.com\/fr\/wp-content\/uploads\/sites\/3\/2017\/02\/LITE-LAB-\u00c9tude-boisson-3.jpg' title=\"\" data-rl_title=\"\" class=\"rl-gallery-link\" data-rl_caption=\"\" data-rel=\"lightbox-gallery-1\"><img loading=\"lazy\" decoding=\"async\" width=\"1024\" height=\"678\" src=\"https:\/\/thelabinthebag.com\/fr\/wp-content\/uploads\/sites\/3\/2017\/02\/LITE-LAB-\u00c9tude-boisson-3-1024x678.jpg\" class=\"attachment-large size-large\" alt=\"cabine d&#039;analyse sensorielle mobile et d\u00e9montable pour les tests-test organoleptique-produit-concept-packaging-Rep\u00e8res\" aria-describedby=\"gallery-1-965\" srcset=\"https:\/\/thelabinthebag.com\/fr\/wp-content\/uploads\/sites\/3\/2017\/02\/LITE-LAB-\u00c9tude-boisson-3-1024x678.jpg 1024w, https:\/\/thelabinthebag.com\/fr\/wp-content\/uploads\/sites\/3\/2017\/02\/LITE-LAB-\u00c9tude-boisson-3-300x199.jpg 300w, https:\/\/thelabinthebag.com\/fr\/wp-content\/uploads\/sites\/3\/2017\/02\/LITE-LAB-\u00c9tude-boisson-3.jpg 1208w\" sizes=\"auto, (max-width: 1024px) 100vw, 1024px\" \/><\/a>\n\t\t\t<\/dt>\n\t\t\t\t<dd class='wp-caption-text gallery-caption' id='gallery-1-965'>\n\t\t\t\tLite Lab\n\t\t\t\t<\/dd><\/dl><br style=\"clear: both\" \/><dl class='gallery-item'>\n\t\t\t<dt class='gallery-icon portrait'>\n\t\t\t\t<a href='https:\/\/thelabinthebag.com\/fr\/wp-content\/uploads\/sites\/3\/2015\/07\/Lite-Lab-Alu-Fixe.jpg' title=\"\" data-rl_title=\"\" class=\"rl-gallery-link\" data-rl_caption=\"\" data-rel=\"lightbox-gallery-1\"><img loading=\"lazy\" decoding=\"async\" width=\"450\" height=\"800\" src=\"https:\/\/thelabinthebag.com\/fr\/wp-content\/uploads\/sites\/3\/2015\/07\/Lite-Lab-Alu-Fixe.jpg\" class=\"attachment-large size-large\" alt=\"cabine analyse sensorielle mobile-mobile sensory booth-Poste d&#039;analyse sensorielle pour la table-Desktop Lab-test produit-packaging-concept-paroi s\u00e9parative-\u00e9valuation de la couleur, le contr\u00f4le de la qualit\u00e9 des couleurs et la comparaison de la variation de couleur-test consommateur-test-produit-\u00e9clairage-blanc-LED\" aria-describedby=\"gallery-1-1274\" srcset=\"https:\/\/thelabinthebag.com\/fr\/wp-content\/uploads\/sites\/3\/2015\/07\/Lite-Lab-Alu-Fixe.jpg 450w, https:\/\/thelabinthebag.com\/fr\/wp-content\/uploads\/sites\/3\/2015\/07\/Lite-Lab-Alu-Fixe-169x300.jpg 169w\" sizes=\"auto, (max-width: 450px) 100vw, 450px\" \/><\/a>\n\t\t\t<\/dt>\n\t\t\t\t<dd class='wp-caption-text gallery-caption' id='gallery-1-1274'>\n\t\t\t\tLite Lab\n\t\t\t\t<\/dd><\/dl><dl class='gallery-item'>\n\t\t\t<dt class='gallery-icon portrait'>\n\t\t\t\t<a href='https:\/\/thelabinthebag.com\/fr\/wp-content\/uploads\/sites\/3\/2015\/07\/Lite-Lab-Alu-Fixe-1.jpg' title=\"\" data-rl_title=\"\" class=\"rl-gallery-link\" data-rl_caption=\"\" data-rel=\"lightbox-gallery-1\"><img loading=\"lazy\" decoding=\"async\" width=\"450\" height=\"800\" src=\"https:\/\/thelabinthebag.com\/fr\/wp-content\/uploads\/sites\/3\/2015\/07\/Lite-Lab-Alu-Fixe-1.jpg\" class=\"attachment-large size-large\" alt=\"cabine analyse sensorielle mobile-mobile sensory booth-Poste d&#039;analyse sensorielle pour la table-Desktop Lab-test produit-packaging-concept-paroi s\u00e9parative-\u00e9valuation de la couleur, le contr\u00f4le de la qualit\u00e9 des couleurs et la comparaison de la variation de couleur-test consommateur-test-produit-\u00e9clairage-blanc-LED\" aria-describedby=\"gallery-1-1275\" srcset=\"https:\/\/thelabinthebag.com\/fr\/wp-content\/uploads\/sites\/3\/2015\/07\/Lite-Lab-Alu-Fixe-1.jpg 450w, https:\/\/thelabinthebag.com\/fr\/wp-content\/uploads\/sites\/3\/2015\/07\/Lite-Lab-Alu-Fixe-1-169x300.jpg 169w\" sizes=\"auto, (max-width: 450px) 100vw, 450px\" \/><\/a>\n\t\t\t<\/dt>\n\t\t\t\t<dd class='wp-caption-text gallery-caption' id='gallery-1-1275'>\n\t\t\t\tLite Lab\n\t\t\t\t<\/dd><\/dl><dl class='gallery-item'>\n\t\t\t<dt class='gallery-icon portrait'>\n\t\t\t\t<a href='https:\/\/thelabinthebag.com\/fr\/wp-content\/uploads\/sites\/3\/2015\/07\/Lite-Lab-Alu-Fixe-2.jpg' title=\"\" data-rl_title=\"\" class=\"rl-gallery-link\" data-rl_caption=\"\" data-rel=\"lightbox-gallery-1\"><img loading=\"lazy\" decoding=\"async\" width=\"450\" height=\"800\" src=\"https:\/\/thelabinthebag.com\/fr\/wp-content\/uploads\/sites\/3\/2015\/07\/Lite-Lab-Alu-Fixe-2.jpg\" class=\"attachment-large size-large\" alt=\"cabine analyse sensorielle mobile-mobile sensory booth-Poste d&#039;analyse sensorielle pour la table-Desktop Lab-test produit-packaging-concept-paroi s\u00e9parative-\u00e9valuation de la couleur, le contr\u00f4le de la qualit\u00e9 des couleurs et la comparaison de la variation de couleur-test consommateur-test-produit-\u00e9clairage-blanc-LED\" aria-describedby=\"gallery-1-1276\" srcset=\"https:\/\/thelabinthebag.com\/fr\/wp-content\/uploads\/sites\/3\/2015\/07\/Lite-Lab-Alu-Fixe-2.jpg 450w, https:\/\/thelabinthebag.com\/fr\/wp-content\/uploads\/sites\/3\/2015\/07\/Lite-Lab-Alu-Fixe-2-169x300.jpg 169w\" sizes=\"auto, (max-width: 450px) 100vw, 450px\" \/><\/a>\n\t\t\t<\/dt>\n\t\t\t\t<dd class='wp-caption-text gallery-caption' id='gallery-1-1276'>\n\t\t\t\tLite Lab\n\t\t\t\t<\/dd><\/dl><br style=\"clear: both\" \/>\n\t\t<\/div>\n\n<p>&nbsp;<\/p>\n<\/div><\/div><\/div>\n<p>&nbsp;<\/p>\n","protected":false},"excerpt":{"rendered":"<p>&nbsp;<\/p>\n","protected":false},"author":1,"featured_media":0,"parent":0,"menu_order":0,"comment_status":"open","ping_status":"open","template":"","meta":{"footnotes":""},"class_list":["post-253","page","type-page","status-publish","hentry"],"yoast_head":"<!-- This site is optimized with the Yoast SEO plugin v27.4 - https:\/\/yoast.com\/product\/yoast-seo-wordpress\/ -->\n<title>LITE LAB - Cabine d&#039;analyse sensorielle mobile et pliable<\/title>\n<meta name=\"description\" content=\"Cabine d&#039;analyse sensorielle Lite Lab mobile et pliable facilement. Juxtapos\u00e9s, les boxes peuvent transformer une salle en laboratoire d&#039;analyse sensorielle\" \/>\n<meta name=\"robots\" content=\"index, follow, max-snippet:-1, max-image-preview:large, max-video-preview:-1\" \/>\n<link rel=\"canonical\" href=\"https:\/\/thelabinthebag.com\/fr\/lite-lab\/\" \/>\n<meta name=\"twitter:label1\" content=\"Dur\u00e9e de lecture estim\u00e9e\" \/>\n\t<meta name=\"twitter:data1\" content=\"3 minutes\" \/>\n<script type=\"application\/ld+json\" class=\"yoast-schema-graph\">{\"@context\":\"https:\\\/\\\/schema.org\",\"@graph\":[{\"@type\":\"WebPage\",\"@id\":\"https:\\\/\\\/thelabinthebag.com\\\/fr\\\/lite-lab\\\/\",\"url\":\"https:\\\/\\\/thelabinthebag.com\\\/fr\\\/lite-lab\\\/\",\"name\":\"LITE LAB - Cabine d'analyse sensorielle mobile et pliable\",\"isPartOf\":{\"@id\":\"https:\\\/\\\/thelabinthebag.com\\\/fr\\\/#website\"},\"primaryImageOfPage\":{\"@id\":\"https:\\\/\\\/thelabinthebag.com\\\/fr\\\/lite-lab\\\/#primaryimage\"},\"image\":{\"@id\":\"https:\\\/\\\/thelabinthebag.com\\\/fr\\\/lite-lab\\\/#primaryimage\"},\"thumbnailUrl\":\"https:\\\/\\\/thelabinthebag.com\\\/fr\\\/wp-content\\\/uploads\\\/sites\\\/3\\\/2015\\\/07\\\/lite-lab.jpg\",\"datePublished\":\"2015-07-08T08:18:01+00:00\",\"dateModified\":\"2024-01-11T08:51:52+00:00\",\"description\":\"Cabine d'analyse sensorielle Lite Lab mobile et pliable facilement. Juxtapos\u00e9s, les boxes peuvent transformer une salle en laboratoire d'analyse sensorielle\",\"breadcrumb\":{\"@id\":\"https:\\\/\\\/thelabinthebag.com\\\/fr\\\/lite-lab\\\/#breadcrumb\"},\"inLanguage\":\"fr-FR\",\"potentialAction\":[{\"@type\":\"ReadAction\",\"target\":[\"https:\\\/\\\/thelabinthebag.com\\\/fr\\\/lite-lab\\\/\"]}]},{\"@type\":\"ImageObject\",\"inLanguage\":\"fr-FR\",\"@id\":\"https:\\\/\\\/thelabinthebag.com\\\/fr\\\/lite-lab\\\/#primaryimage\",\"url\":\"https:\\\/\\\/thelabinthebag.com\\\/fr\\\/wp-content\\\/uploads\\\/sites\\\/3\\\/2015\\\/07\\\/lite-lab.jpg\",\"contentUrl\":\"https:\\\/\\\/thelabinthebag.com\\\/fr\\\/wp-content\\\/uploads\\\/sites\\\/3\\\/2015\\\/07\\\/lite-lab.jpg\",\"width\":779,\"height\":331,\"caption\":\"cabine analyse sensorielle-Poste d'analyse sensorielle-Lite Lab-test produit-packaging-concept-paroi s\u00e9parative-\u00e9valuation de la couleur, le contr\u00f4le de la qualit\u00e9 des couleurs et la comparaison de la variation de couleur\"},{\"@type\":\"BreadcrumbList\",\"@id\":\"https:\\\/\\\/thelabinthebag.com\\\/fr\\\/lite-lab\\\/#breadcrumb\",\"itemListElement\":[{\"@type\":\"ListItem\",\"position\":1,\"name\":\"Home\",\"item\":\"https:\\\/\\\/thelabinthebag.com\\\/fr\\\/\"},{\"@type\":\"ListItem\",\"position\":2,\"name\":\"Lite Lab\"}]},{\"@type\":\"WebSite\",\"@id\":\"https:\\\/\\\/thelabinthebag.com\\\/fr\\\/#website\",\"url\":\"https:\\\/\\\/thelabinthebag.com\\\/fr\\\/\",\"name\":\"THE LAB in The Bag FR\",\"description\":\"\",\"potentialAction\":[{\"@type\":\"SearchAction\",\"target\":{\"@type\":\"EntryPoint\",\"urlTemplate\":\"https:\\\/\\\/thelabinthebag.com\\\/fr\\\/?s={search_term_string}\"},\"query-input\":{\"@type\":\"PropertyValueSpecification\",\"valueRequired\":true,\"valueName\":\"search_term_string\"}}],\"inLanguage\":\"fr-FR\"}]}<\/script>\n<!-- \/ Yoast SEO plugin. -->","yoast_head_json":{"title":"LITE LAB - Cabine d'analyse sensorielle mobile et pliable","description":"Cabine d'analyse sensorielle Lite Lab mobile et pliable facilement. Juxtapos\u00e9s, les boxes peuvent transformer une salle en laboratoire d'analyse sensorielle","robots":{"index":"index","follow":"follow","max-snippet":"max-snippet:-1","max-image-preview":"max-image-preview:large","max-video-preview":"max-video-preview:-1"},"canonical":"https:\/\/thelabinthebag.com\/fr\/lite-lab\/","twitter_misc":{"Dur\u00e9e de lecture estim\u00e9e":"3 minutes"},"schema":{"@context":"https:\/\/schema.org","@graph":[{"@type":"WebPage","@id":"https:\/\/thelabinthebag.com\/fr\/lite-lab\/","url":"https:\/\/thelabinthebag.com\/fr\/lite-lab\/","name":"LITE LAB - Cabine d'analyse sensorielle mobile et pliable","isPartOf":{"@id":"https:\/\/thelabinthebag.com\/fr\/#website"},"primaryImageOfPage":{"@id":"https:\/\/thelabinthebag.com\/fr\/lite-lab\/#primaryimage"},"image":{"@id":"https:\/\/thelabinthebag.com\/fr\/lite-lab\/#primaryimage"},"thumbnailUrl":"https:\/\/thelabinthebag.com\/fr\/wp-content\/uploads\/sites\/3\/2015\/07\/lite-lab.jpg","datePublished":"2015-07-08T08:18:01+00:00","dateModified":"2024-01-11T08:51:52+00:00","description":"Cabine d'analyse sensorielle Lite Lab mobile et pliable facilement. Juxtapos\u00e9s, les boxes peuvent transformer une salle en laboratoire d'analyse sensorielle","breadcrumb":{"@id":"https:\/\/thelabinthebag.com\/fr\/lite-lab\/#breadcrumb"},"inLanguage":"fr-FR","potentialAction":[{"@type":"ReadAction","target":["https:\/\/thelabinthebag.com\/fr\/lite-lab\/"]}]},{"@type":"ImageObject","inLanguage":"fr-FR","@id":"https:\/\/thelabinthebag.com\/fr\/lite-lab\/#primaryimage","url":"https:\/\/thelabinthebag.com\/fr\/wp-content\/uploads\/sites\/3\/2015\/07\/lite-lab.jpg","contentUrl":"https:\/\/thelabinthebag.com\/fr\/wp-content\/uploads\/sites\/3\/2015\/07\/lite-lab.jpg","width":779,"height":331,"caption":"cabine analyse sensorielle-Poste d'analyse sensorielle-Lite Lab-test produit-packaging-concept-paroi s\u00e9parative-\u00e9valuation de la couleur, le contr\u00f4le de la qualit\u00e9 des couleurs et la comparaison de la variation de couleur"},{"@type":"BreadcrumbList","@id":"https:\/\/thelabinthebag.com\/fr\/lite-lab\/#breadcrumb","itemListElement":[{"@type":"ListItem","position":1,"name":"Home","item":"https:\/\/thelabinthebag.com\/fr\/"},{"@type":"ListItem","position":2,"name":"Lite Lab"}]},{"@type":"WebSite","@id":"https:\/\/thelabinthebag.com\/fr\/#website","url":"https:\/\/thelabinthebag.com\/fr\/","name":"THE LAB in The Bag FR","description":"","potentialAction":[{"@type":"SearchAction","target":{"@type":"EntryPoint","urlTemplate":"https:\/\/thelabinthebag.com\/fr\/?s={search_term_string}"},"query-input":{"@type":"PropertyValueSpecification","valueRequired":true,"valueName":"search_term_string"}}],"inLanguage":"fr-FR"}]}},"_links":{"self":[{"href":"https:\/\/thelabinthebag.com\/fr\/wp-json\/wp\/v2\/pages\/253","targetHints":{"allow":["GET"]}}],"collection":[{"href":"https:\/\/thelabinthebag.com\/fr\/wp-json\/wp\/v2\/pages"}],"about":[{"href":"https:\/\/thelabinthebag.com\/fr\/wp-json\/wp\/v2\/types\/page"}],"author":[{"embeddable":true,"href":"https:\/\/thelabinthebag.com\/fr\/wp-json\/wp\/v2\/users\/1"}],"replies":[{"embeddable":true,"href":"https:\/\/thelabinthebag.com\/fr\/wp-json\/wp\/v2\/comments?post=253"}],"version-history":[{"count":0,"href":"https:\/\/thelabinthebag.com\/fr\/wp-json\/wp\/v2\/pages\/253\/revisions"}],"wp:attachment":[{"href":"https:\/\/thelabinthebag.com\/fr\/wp-json\/wp\/v2\/media?parent=253"}],"curies":[{"name":"wp","href":"https:\/\/api.w.org\/{rel}","templated":true}]}}