{"id":254,"date":"2015-07-08T09:18:11","date_gmt":"2015-07-08T08:18:11","guid":{"rendered":"http:\/\/thelabinthebag.enligne.paris\/?page_id=226"},"modified":"2021-04-12T11:19:01","modified_gmt":"2021-04-12T10:19:01","slug":"miroir-video-nomade","status":"publish","type":"page","link":"https:\/\/thelabinthebag.com\/fr\/miroir-video-nomade\/","title":{"rendered":"Miroir Vid\u00e9o Nomade"},"content":{"rendered":"<div class=\"su-tabs su-tabs-style-default su-tabs-mobile-stack\" data-active=\"1\" data-scroll-offset=\"0\" data-anchor-in-url=\"no\"><div class=\"su-tabs-nav\"><span class=\"\" data-anchor=\"description\" data-url=\"\" data-target=\"blank\" tabindex=\"0\" role=\"button\">Description<\/span><span class=\"\" data-anchor=\"caracteristiques\" data-url=\"\" data-target=\"blank\" tabindex=\"0\" role=\"button\">Caract\u00e9ristiques techniques<\/span><\/div><div class=\"su-tabs-panes\"><div class=\"su-tabs-pane su-u-clearfix su-u-trim\" data-title=\"Description\">\n<p><a href=\"https:\/\/thelabinthebag.com\/fr\/wp-content\/uploads\/sites\/3\/2015\/07\/Miroir-vid\u00e9o-nomade.jpg\" data-rel=\"lightbox-image-0\" data-rl_title=\"\" data-rl_caption=\"\" title=\"\"><img loading=\"lazy\" decoding=\"async\" class=\"aligncenter wp-image-699 size-full\" src=\"https:\/\/thelabinthebag.com\/fr\/wp-content\/uploads\/sites\/3\/2015\/07\/Miroir-vid\u00e9o-nomade.jpg\" alt=\"Miroir vid\u00e9o nomade\" width=\"779\" height=\"331\" srcset=\"https:\/\/thelabinthebag.com\/fr\/wp-content\/uploads\/sites\/3\/2015\/07\/Miroir-vid\u00e9o-nomade.jpg 779w, https:\/\/thelabinthebag.com\/fr\/wp-content\/uploads\/sites\/3\/2015\/07\/Miroir-vid\u00e9o-nomade-300x127.jpg 300w\" sizes=\"auto, (max-width: 779px) 100vw, 779px\" \/><\/a><\/p>\n<h2>Enregistreur vid\u00e9o de test cosm\u00e9tique<\/h2>\n<ul>\n<li><strong>Miroir d\u2019analyses sensorielles <\/strong><\/li>\n<li><strong>Facilement transportable pour une utilisation ponctuelle<\/strong><\/li>\n<\/ul>\n<p>Coffret structure en polypropyl\u00e8ne noir ou gris aux lignes simples, ce miroir d&rsquo;analyses est \u00e9quip\u00e9 d\u2019un miroir sans tain, d\u2019une cam\u00e9ra Wifi et de LED, il se distingue par sa simplicit\u00e9 d\u2019utilisation et son faible poids.<\/p>\n<blockquote>\n<h4>Une tablette tactile et une carte SD sont fournies avec le miroir vid\u00e9o de test.<\/h4>\n<\/blockquote>\n<p><a href=\"https:\/\/thelabinthebag.com\/fr\/wp-content\/uploads\/sites\/3\/2015\/07\/Lite-Booth-avec-miroir-vid\u00e9o.jpg\" data-rel=\"lightbox-image-1\" data-rl_title=\"\" data-rl_caption=\"\" title=\"\"><img loading=\"lazy\" decoding=\"async\" class=\"wp-image-703 aligncenter\" src=\"https:\/\/thelabinthebag.com\/fr\/wp-content\/uploads\/sites\/3\/2015\/07\/Lite-Booth-avec-miroir-vid\u00e9o.jpg\" alt=\"Miroir vid\u00e9o avec Lite Lab\" width=\"650\" height=\"650\" srcset=\"https:\/\/thelabinthebag.com\/fr\/wp-content\/uploads\/sites\/3\/2015\/07\/Lite-Booth-avec-miroir-vid\u00e9o.jpg 1632w, https:\/\/thelabinthebag.com\/fr\/wp-content\/uploads\/sites\/3\/2015\/07\/Lite-Booth-avec-miroir-vid\u00e9o-150x150.jpg 150w, https:\/\/thelabinthebag.com\/fr\/wp-content\/uploads\/sites\/3\/2015\/07\/Lite-Booth-avec-miroir-vid\u00e9o-300x300.jpg 300w, https:\/\/thelabinthebag.com\/fr\/wp-content\/uploads\/sites\/3\/2015\/07\/Lite-Booth-avec-miroir-vid\u00e9o-1024x1024.jpg 1024w\" sizes=\"auto, (max-width: 650px) 100vw, 650px\" \/><\/a><\/p>\n<\/div>\n<div class=\"su-tabs-pane su-u-clearfix su-u-trim\" data-title=\"Caract\u00e9ristiques techniques\">\n<p><a href=\"https:\/\/thelabinthebag.com\/fr\/wp-content\/uploads\/sites\/3\/2015\/07\/Mobile-Video-Mirror.jpg\" data-rel=\"lightbox-image-2\" data-rl_title=\"\" data-rl_caption=\"\" title=\"\"><img loading=\"lazy\" decoding=\"async\" class=\"wp-image-842 aligncenter\" src=\"https:\/\/thelabinthebag.com\/fr\/wp-content\/uploads\/sites\/3\/2015\/07\/Mobile-Video-Mirror.jpg\" alt=\"Mobile Video Mirror\" width=\"241\" height=\"377\" srcset=\"https:\/\/thelabinthebag.com\/fr\/wp-content\/uploads\/sites\/3\/2015\/07\/Mobile-Video-Mirror.jpg 804w, https:\/\/thelabinthebag.com\/fr\/wp-content\/uploads\/sites\/3\/2015\/07\/Mobile-Video-Mirror-192x300.jpg 192w, https:\/\/thelabinthebag.com\/fr\/wp-content\/uploads\/sites\/3\/2015\/07\/Mobile-Video-Mirror-656x1024.jpg 656w\" sizes=\"auto, (max-width: 241px) 100vw, 241px\" \/><\/a><\/p>\n<p><span style=\"text-decoration: underline;\">Dimensions\u00a0<\/span>: larg.\u00a045 cm x prof. 9.5 cm x haut. 60 cm<br \/>\n<span style=\"text-decoration: underline;\">Poids <\/span>: 3,5 kg<\/p>\n<ul>\n<li>L\u2019\u00e9clairage LED est modifiable, couleur au choix : blanc chaud, blanc pur, etc.<\/li>\n<\/ul>\n<h3>Informations compl\u00e9mentaires sur la cam\u00e9ra :<\/h3>\n<ul>\n<li>\u00c9quip\u00e9e d\u2019un capteur sensible qui assure un enregistrement de haute qualit\u00e9 (capteur 3MP CMOS r\u00e9solution Full HD) et d\u2019un objectif avec angle de vue de 160 \u00b0 et une ouverture de focal 2,4.<\/li>\n<li>\u00c9quip\u00e9e d&rsquo;un A\/V et une sortie HDMI, ainsi vous pouvez facilement regarder les vid\u00e9os enregistr\u00e9es sur un moniteur.<\/li>\n<li>Elle permet de visionner en direct et d\u2019enregistrer vos films sur un support de type tablette ou smartphone (sous Android application 4.0 et +\u00a0; sous iOS 6.0 et+) via le Wifi ou carte SD.<\/li>\n<li>Environ 6 heures d\u2019enregistrement sur une carte SDHC 32 Go.<\/li>\n<\/ul>\n<p><a href=\"https:\/\/thelabinthebag.com\/fr\/wp-content\/uploads\/sites\/3\/2015\/09\/miroir-video-nomade-3.jpg\" data-rel=\"lightbox-image-3\" data-rl_title=\"\" data-rl_caption=\"\" title=\"\"><img loading=\"lazy\" decoding=\"async\" class=\"aligncenter wp-image-358 size-full\" src=\"https:\/\/thelabinthebag.com\/fr\/wp-content\/uploads\/sites\/3\/2015\/09\/miroir-video-nomade-3.jpg\" alt=\"miroir-video-nomade-3\" width=\"299\" height=\"209\" \/><\/a><\/p>\n<\/div><\/div><\/div>\n","protected":false},"excerpt":{"rendered":"","protected":false},"author":1,"featured_media":0,"parent":0,"menu_order":0,"comment_status":"open","ping_status":"open","template":"","meta":{"footnotes":""},"class_list":["post-254","page","type-page","status-publish","hentry"],"yoast_head":"<!-- This site is optimized with the Yoast SEO plugin v27.4 - https:\/\/yoast.com\/product\/yoast-seo-wordpress\/ -->\n<title>Miroir vid\u00e9o nomade - enregistrement des tests cosm\u00e9tiques<\/title>\n<meta name=\"description\" content=\"Le Miroir vid\u00e9o nomade enregistre les tests cosm\u00e9tiques et permet d&#039;analyser les comportements du testeur en toute discr\u00e9tion.\" \/>\n<meta name=\"robots\" content=\"index, follow, max-snippet:-1, max-image-preview:large, max-video-preview:-1\" \/>\n<link rel=\"canonical\" href=\"https:\/\/thelabinthebag.com\/fr\/miroir-video-nomade\/\" \/>\n<meta name=\"twitter:label1\" content=\"Dur\u00e9e de lecture estim\u00e9e\" \/>\n\t<meta name=\"twitter:data1\" content=\"1 minute\" \/>\n<script type=\"application\/ld+json\" class=\"yoast-schema-graph\">{\"@context\":\"https:\\\/\\\/schema.org\",\"@graph\":[{\"@type\":\"WebPage\",\"@id\":\"https:\\\/\\\/thelabinthebag.com\\\/fr\\\/miroir-video-nomade\\\/\",\"url\":\"https:\\\/\\\/thelabinthebag.com\\\/fr\\\/miroir-video-nomade\\\/\",\"name\":\"Miroir vid\u00e9o nomade - enregistrement des tests cosm\u00e9tiques\",\"isPartOf\":{\"@id\":\"https:\\\/\\\/thelabinthebag.com\\\/fr\\\/#website\"},\"primaryImageOfPage\":{\"@id\":\"https:\\\/\\\/thelabinthebag.com\\\/fr\\\/miroir-video-nomade\\\/#primaryimage\"},\"image\":{\"@id\":\"https:\\\/\\\/thelabinthebag.com\\\/fr\\\/miroir-video-nomade\\\/#primaryimage\"},\"thumbnailUrl\":\"https:\\\/\\\/thelabinthebag.com\\\/fr\\\/wp-content\\\/uploads\\\/sites\\\/3\\\/2015\\\/07\\\/Mobile-Video-Mirror.jpg\",\"datePublished\":\"2015-07-08T08:18:11+00:00\",\"dateModified\":\"2021-04-12T10:19:01+00:00\",\"description\":\"Le Miroir vid\u00e9o nomade enregistre les tests cosm\u00e9tiques et permet d'analyser les comportements du testeur en toute discr\u00e9tion.\",\"breadcrumb\":{\"@id\":\"https:\\\/\\\/thelabinthebag.com\\\/fr\\\/miroir-video-nomade\\\/#breadcrumb\"},\"inLanguage\":\"fr-FR\",\"potentialAction\":[{\"@type\":\"ReadAction\",\"target\":[\"https:\\\/\\\/thelabinthebag.com\\\/fr\\\/miroir-video-nomade\\\/\"]}]},{\"@type\":\"ImageObject\",\"inLanguage\":\"fr-FR\",\"@id\":\"https:\\\/\\\/thelabinthebag.com\\\/fr\\\/miroir-video-nomade\\\/#primaryimage\",\"url\":\"https:\\\/\\\/thelabinthebag.com\\\/fr\\\/wp-content\\\/uploads\\\/sites\\\/3\\\/2015\\\/07\\\/Mobile-Video-Mirror.jpg\",\"contentUrl\":\"https:\\\/\\\/thelabinthebag.com\\\/fr\\\/wp-content\\\/uploads\\\/sites\\\/3\\\/2015\\\/07\\\/Mobile-Video-Mirror.jpg\",\"width\":804,\"height\":1255,\"caption\":\"cabine analyse sensorielle-Miroir Vid\u00e9o nomade-enregistreur de retouches maquillage-\u00e9tude make'up-test pack-concept-produit\"},{\"@type\":\"BreadcrumbList\",\"@id\":\"https:\\\/\\\/thelabinthebag.com\\\/fr\\\/miroir-video-nomade\\\/#breadcrumb\",\"itemListElement\":[{\"@type\":\"ListItem\",\"position\":1,\"name\":\"Home\",\"item\":\"https:\\\/\\\/thelabinthebag.com\\\/fr\\\/\"},{\"@type\":\"ListItem\",\"position\":2,\"name\":\"Miroir Vid\u00e9o Nomade\"}]},{\"@type\":\"WebSite\",\"@id\":\"https:\\\/\\\/thelabinthebag.com\\\/fr\\\/#website\",\"url\":\"https:\\\/\\\/thelabinthebag.com\\\/fr\\\/\",\"name\":\"THE LAB in The Bag FR\",\"description\":\"\",\"potentialAction\":[{\"@type\":\"SearchAction\",\"target\":{\"@type\":\"EntryPoint\",\"urlTemplate\":\"https:\\\/\\\/thelabinthebag.com\\\/fr\\\/?s={search_term_string}\"},\"query-input\":{\"@type\":\"PropertyValueSpecification\",\"valueRequired\":true,\"valueName\":\"search_term_string\"}}],\"inLanguage\":\"fr-FR\"}]}<\/script>\n<!-- \/ Yoast SEO plugin. -->","yoast_head_json":{"title":"Miroir vid\u00e9o nomade - enregistrement des tests cosm\u00e9tiques","description":"Le Miroir vid\u00e9o nomade enregistre les tests cosm\u00e9tiques et permet d'analyser les comportements du testeur en toute discr\u00e9tion.","robots":{"index":"index","follow":"follow","max-snippet":"max-snippet:-1","max-image-preview":"max-image-preview:large","max-video-preview":"max-video-preview:-1"},"canonical":"https:\/\/thelabinthebag.com\/fr\/miroir-video-nomade\/","twitter_misc":{"Dur\u00e9e de lecture estim\u00e9e":"1 minute"},"schema":{"@context":"https:\/\/schema.org","@graph":[{"@type":"WebPage","@id":"https:\/\/thelabinthebag.com\/fr\/miroir-video-nomade\/","url":"https:\/\/thelabinthebag.com\/fr\/miroir-video-nomade\/","name":"Miroir vid\u00e9o nomade - enregistrement des tests cosm\u00e9tiques","isPartOf":{"@id":"https:\/\/thelabinthebag.com\/fr\/#website"},"primaryImageOfPage":{"@id":"https:\/\/thelabinthebag.com\/fr\/miroir-video-nomade\/#primaryimage"},"image":{"@id":"https:\/\/thelabinthebag.com\/fr\/miroir-video-nomade\/#primaryimage"},"thumbnailUrl":"https:\/\/thelabinthebag.com\/fr\/wp-content\/uploads\/sites\/3\/2015\/07\/Mobile-Video-Mirror.jpg","datePublished":"2015-07-08T08:18:11+00:00","dateModified":"2021-04-12T10:19:01+00:00","description":"Le Miroir vid\u00e9o nomade enregistre les tests cosm\u00e9tiques et permet d'analyser les comportements du testeur en toute discr\u00e9tion.","breadcrumb":{"@id":"https:\/\/thelabinthebag.com\/fr\/miroir-video-nomade\/#breadcrumb"},"inLanguage":"fr-FR","potentialAction":[{"@type":"ReadAction","target":["https:\/\/thelabinthebag.com\/fr\/miroir-video-nomade\/"]}]},{"@type":"ImageObject","inLanguage":"fr-FR","@id":"https:\/\/thelabinthebag.com\/fr\/miroir-video-nomade\/#primaryimage","url":"https:\/\/thelabinthebag.com\/fr\/wp-content\/uploads\/sites\/3\/2015\/07\/Mobile-Video-Mirror.jpg","contentUrl":"https:\/\/thelabinthebag.com\/fr\/wp-content\/uploads\/sites\/3\/2015\/07\/Mobile-Video-Mirror.jpg","width":804,"height":1255,"caption":"cabine analyse sensorielle-Miroir Vid\u00e9o nomade-enregistreur de retouches maquillage-\u00e9tude make'up-test pack-concept-produit"},{"@type":"BreadcrumbList","@id":"https:\/\/thelabinthebag.com\/fr\/miroir-video-nomade\/#breadcrumb","itemListElement":[{"@type":"ListItem","position":1,"name":"Home","item":"https:\/\/thelabinthebag.com\/fr\/"},{"@type":"ListItem","position":2,"name":"Miroir Vid\u00e9o Nomade"}]},{"@type":"WebSite","@id":"https:\/\/thelabinthebag.com\/fr\/#website","url":"https:\/\/thelabinthebag.com\/fr\/","name":"THE LAB in The Bag FR","description":"","potentialAction":[{"@type":"SearchAction","target":{"@type":"EntryPoint","urlTemplate":"https:\/\/thelabinthebag.com\/fr\/?s={search_term_string}"},"query-input":{"@type":"PropertyValueSpecification","valueRequired":true,"valueName":"search_term_string"}}],"inLanguage":"fr-FR"}]}},"_links":{"self":[{"href":"https:\/\/thelabinthebag.com\/fr\/wp-json\/wp\/v2\/pages\/254","targetHints":{"allow":["GET"]}}],"collection":[{"href":"https:\/\/thelabinthebag.com\/fr\/wp-json\/wp\/v2\/pages"}],"about":[{"href":"https:\/\/thelabinthebag.com\/fr\/wp-json\/wp\/v2\/types\/page"}],"author":[{"embeddable":true,"href":"https:\/\/thelabinthebag.com\/fr\/wp-json\/wp\/v2\/users\/1"}],"replies":[{"embeddable":true,"href":"https:\/\/thelabinthebag.com\/fr\/wp-json\/wp\/v2\/comments?post=254"}],"version-history":[{"count":0,"href":"https:\/\/thelabinthebag.com\/fr\/wp-json\/wp\/v2\/pages\/254\/revisions"}],"wp:attachment":[{"href":"https:\/\/thelabinthebag.com\/fr\/wp-json\/wp\/v2\/media?parent=254"}],"curies":[{"name":"wp","href":"https:\/\/api.w.org\/{rel}","templated":true}]}}