{"id":308,"date":"2015-09-16T15:02:52","date_gmt":"2015-09-16T14:02:52","guid":{"rendered":"http:\/\/thelabinthebag.enligne.paris\/?page_id=308"},"modified":"2025-04-02T17:18:19","modified_gmt":"2025-04-02T16:18:19","slug":"desktop","status":"publish","type":"page","link":"https:\/\/thelabinthebag.com\/fr\/desktop\/","title":{"rendered":"Desktop Lab"},"content":{"rendered":"<div class=\"su-tabs su-tabs-style-default su-tabs-mobile-stack\" data-active=\"1\" data-scroll-offset=\"0\" data-anchor-in-url=\"no\"><div class=\"su-tabs-nav\"><span class=\"\" data-anchor=\"avantages\" data-url=\"\" data-target=\"blank\" tabindex=\"0\" role=\"button\">Avantages cl\u00e9s<\/span><span class=\"\" data-anchor=\"caracteristiques\" data-url=\"\" data-target=\"blank\" tabindex=\"0\" role=\"button\">Caract\u00e9ristiques techniques<\/span><span class=\"\" data-anchor=\"photos\" data-url=\"\" data-target=\"blank\" tabindex=\"0\" role=\"button\">Photos<\/span><\/div><div class=\"su-tabs-panes\"><div class=\"su-tabs-pane su-u-clearfix su-u-trim\" data-title=\"Avantages cl\u00e9s\">\n<p><a href=\"https:\/\/thelabinthebag.com\/fr\/wp-content\/uploads\/sites\/3\/2021\/04\/Desktop-4.jpg\" data-rel=\"lightbox-image-0\" data-rl_title=\"\" data-rl_caption=\"\" title=\"\"><img loading=\"lazy\" decoding=\"async\" class=\"size-full wp-image-1389 aligncenter\" src=\"https:\/\/thelabinthebag.com\/fr\/wp-content\/uploads\/sites\/3\/2021\/04\/Desktop-4.jpg\" alt=\"\" width=\"779\" height=\"490\" srcset=\"https:\/\/thelabinthebag.com\/fr\/wp-content\/uploads\/sites\/3\/2021\/04\/Desktop-4.jpg 779w, https:\/\/thelabinthebag.com\/fr\/wp-content\/uploads\/sites\/3\/2021\/04\/Desktop-4-300x189.jpg 300w, https:\/\/thelabinthebag.com\/fr\/wp-content\/uploads\/sites\/3\/2021\/04\/Desktop-4-768x483.jpg 768w\" sizes=\"auto, (max-width: 779px) 100vw, 779px\" \/><\/a><\/p>\n<p>&nbsp;<\/p>\n<h2><\/h2>\n<h2>Poste d&rsquo;analyse sensorielle de table<\/h2>\n<ul>\n<li><strong>Desktop Lab est un poste d&rsquo;analyse sensorielle nomade de table\u00a0<\/strong><\/li>\n<li><strong>Mod\u00e8le pliable et facilement transportable pour une utilisation ponctuelle<\/strong><\/li>\n<\/ul>\n<p>Le box Desktop Lab est muni d\u2019une tablette et de parois pliables en <strong>mat\u00e9riau aluminium,<\/strong> ce mat\u00e9riau offre une durabilit\u00e9 remarquable du produit dans le temps.<\/p>\n<p>Les postes Desktop peuvent \u00eatre fix\u00e9es selon vos envies, par exemple en tant qu&rsquo;installation permanente, mais elles restent facilement transportables et flexibles si besoin.<\/p>\n<p>Sur demande nous pouvons installer un passe-c\u00e2bles\u00a0pour l&rsquo;\u00e9quipement informatique.<\/p>\n<p>En accessoirisant vos boxes avec des parois s\u00e9paratives, le Desktop Lab<strong>\u00a0<\/strong>offre la possibilit\u00e9 de transformer votre salle existante en laboratoire d&rsquo;analyse sensorielle.<\/p>\n<p>L&rsquo;entretien des parois est tr\u00e8s simple et permet de nettoyer tout en conservant une parfaite int\u00e9grit\u00e9 des mat\u00e9riaux.<\/p>\n<p>&nbsp;<\/p>\n<p><a class=\"button\" href=\"\/fr\/contact\">Nous contacter<\/a><\/p>\n<p><a href=\"https:\/\/thelabinthebag.com\/fr\/wp-content\/uploads\/sites\/3\/2021\/04\/Desktop-1-1024x421-1.jpg\" data-rel=\"lightbox-image-1\" data-rl_title=\"\" data-rl_caption=\"\" title=\"\"><img loading=\"lazy\" decoding=\"async\" class=\"aligncenter wp-image-1391 size-full\" src=\"https:\/\/thelabinthebag.com\/fr\/wp-content\/uploads\/sites\/3\/2021\/04\/Desktop-1-1024x421-1-e1617796288518.jpg\" alt=\"\" width=\"458\" height=\"419\" srcset=\"https:\/\/thelabinthebag.com\/fr\/wp-content\/uploads\/sites\/3\/2021\/04\/Desktop-1-1024x421-1-e1617796288518.jpg 458w, https:\/\/thelabinthebag.com\/fr\/wp-content\/uploads\/sites\/3\/2021\/04\/Desktop-1-1024x421-1-e1617796288518-300x274.jpg 300w\" sizes=\"auto, (max-width: 458px) 100vw, 458px\" \/><\/a><\/p>\n<p>&nbsp;<\/p>\n<p>&nbsp;<\/p>\n<\/div>\n<div class=\"su-tabs-pane su-u-clearfix su-u-trim\" data-title=\"Caract\u00e9ristiques techniques\">\n<h2>Caract\u00e9ristiques techniques<\/h2>\n<p><u>Dimensions<\/u>\u00a0: 700 largeur x 500 profondeur x Hauteur 600 mm &#8211; Repli\u00e9 700 x 650 x 25 mm<br \/>\n<u>Poids<\/u> : 7.5 kg<br \/>\n<span style=\"text-decoration: underline;\"><strong>Montage<\/strong><\/span>\u00a0: 20\u00a0secondes<\/p>\n<p><strong>Informations compl\u00e9mentaires <\/strong><\/p>\n<ul>\n<li>Cr\u00e9er des tests ponctuels dans vos salles \u00e9quip\u00e9es de table et de chaise<\/li>\n<li>10 postes d\u2019analyses install\u00e9es en 2 minutes<\/li>\n<\/ul>\n<h2><strong>Options\u00a0<\/strong><\/h2>\n<ul>\n<li>Bandeau d\u2019\u00e9clairage LED standard &#8211; blanc pur<\/li>\n<li>Sac de transport tr\u00e8s pratique pour 4 Desktop Lab<\/li>\n<li>Trou passe-c\u00e2bles pour\u00a0\u00e9quipement informatique<\/li>\n<li>Parois s\u00e9paratives additionnelles<\/li>\n<\/ul>\n<p>Cliquer sur ce lien pour acc\u00e9der \u00e0 notre page <strong><a href=\"https:\/\/thelabinthebag.com\/fr\/accessoires-optionnels\/\" target=\"_blank\" rel=\"noopener noreferrer\">Accessoires<\/a><\/strong><\/p>\n<p>&nbsp;<\/p>\n<p><a class=\"button\" href=\"\/fr\/contact\">Nous contacter<\/a><\/p>\n<\/div>\n<div class=\"su-tabs-pane su-u-clearfix su-u-trim\" data-title=\"Photos\">\n\n\t\t<style type=\"text\/css\">\n\t\t\t#gallery-1 {\n\t\t\t\tmargin: auto;\n\t\t\t}\n\t\t\t#gallery-1 .gallery-item {\n\t\t\t\tfloat: left;\n\t\t\t\tmargin-top: 10px;\n\t\t\t\ttext-align: center;\n\t\t\t\twidth: 33%;\n\t\t\t}\n\t\t\t#gallery-1 img {\n\t\t\t\tborder: 2px solid #cfcfcf;\n\t\t\t}\n\t\t\t#gallery-1 .gallery-caption {\n\t\t\t\tmargin-left: 0;\n\t\t\t}\n\t\t\t\/* see gallery_shortcode() in wp-includes\/media.php *\/\n\t\t<\/style>\n\t\t<div id='gallery-1' class='gallery galleryid-308 gallery-columns-3 gallery-size-large'><dl class='gallery-item'>\n\t\t\t<dt class='gallery-icon landscape'>\n\t\t\t\t<a href='https:\/\/thelabinthebag.com\/fr\/wp-content\/uploads\/sites\/3\/2015\/09\/Desktop-Alu.jpg' title=\"\" data-rl_title=\"\" class=\"rl-gallery-link\" data-rl_caption=\"\" data-rel=\"lightbox-gallery-1\"><img loading=\"lazy\" decoding=\"async\" width=\"822\" height=\"544\" src=\"https:\/\/thelabinthebag.com\/fr\/wp-content\/uploads\/sites\/3\/2015\/09\/Desktop-Alu.jpg\" class=\"attachment-large size-large\" alt=\"cabine analyse sensorielle mobile-mobile sensory booth-Poste d&#039;analyse sensorielle pour la table-Desktop Lab-test produit-packaging-concept-paroi s\u00e9parative-\u00e9valuation de la couleur, le contr\u00f4le de la qualit\u00e9 des couleurs et la comparaison de la variation de couleur-test consommateur-test-produit-\u00e9clairage-blanc-LED\" aria-describedby=\"gallery-1-1291\" srcset=\"https:\/\/thelabinthebag.com\/fr\/wp-content\/uploads\/sites\/3\/2015\/09\/Desktop-Alu.jpg 822w, https:\/\/thelabinthebag.com\/fr\/wp-content\/uploads\/sites\/3\/2015\/09\/Desktop-Alu-300x199.jpg 300w\" sizes=\"auto, (max-width: 822px) 100vw, 822px\" \/><\/a>\n\t\t\t<\/dt>\n\t\t\t\t<dd class='wp-caption-text gallery-caption' id='gallery-1-1291'>\n\t\t\t\tDesktop Lab &#8211; lumi\u00e8re standard\n\t\t\t\t<\/dd><\/dl><dl class='gallery-item'>\n\t\t\t<dt class='gallery-icon landscape'>\n\t\t\t\t<a href='https:\/\/thelabinthebag.com\/fr\/wp-content\/uploads\/sites\/3\/2015\/09\/Desktop-Alu-1.jpg' title=\"\" data-rl_title=\"\" class=\"rl-gallery-link\" data-rl_caption=\"\" data-rel=\"lightbox-gallery-1\"><img loading=\"lazy\" decoding=\"async\" width=\"822\" height=\"544\" src=\"https:\/\/thelabinthebag.com\/fr\/wp-content\/uploads\/sites\/3\/2015\/09\/Desktop-Alu-1.jpg\" class=\"attachment-large size-large\" alt=\"cabine analyse sensorielle mobile-mobile sensory booth-Poste d&#039;analyse sensorielle pour la table-Desktop Lab-test produit-packaging-concept-paroi s\u00e9parative-\u00e9valuation de la couleur, le contr\u00f4le de la qualit\u00e9 des couleurs et la comparaison de la variation de couleur-test consommateur-test-produit-\u00e9clairage-blanc-LED\" aria-describedby=\"gallery-1-1292\" srcset=\"https:\/\/thelabinthebag.com\/fr\/wp-content\/uploads\/sites\/3\/2015\/09\/Desktop-Alu-1.jpg 822w, https:\/\/thelabinthebag.com\/fr\/wp-content\/uploads\/sites\/3\/2015\/09\/Desktop-Alu-1-300x199.jpg 300w\" sizes=\"auto, (max-width: 822px) 100vw, 822px\" \/><\/a>\n\t\t\t<\/dt>\n\t\t\t\t<dd class='wp-caption-text gallery-caption' id='gallery-1-1292'>\n\t\t\t\tDesktop Lab &#8211; Tablette de protection\n\t\t\t\t<\/dd><\/dl><dl class='gallery-item'>\n\t\t\t<dt class='gallery-icon landscape'>\n\t\t\t\t<a href='https:\/\/thelabinthebag.com\/fr\/wp-content\/uploads\/sites\/3\/2015\/09\/Desktop-Alu-2.jpg' title=\"\" data-rl_title=\"\" class=\"rl-gallery-link\" data-rl_caption=\"\" data-rel=\"lightbox-gallery-1\"><img loading=\"lazy\" decoding=\"async\" width=\"822\" height=\"544\" src=\"https:\/\/thelabinthebag.com\/fr\/wp-content\/uploads\/sites\/3\/2015\/09\/Desktop-Alu-2.jpg\" class=\"attachment-large size-large\" alt=\"cabine analyse sensorielle mobile-mobile sensory booth-Poste d&#039;analyse sensorielle pour la table-Desktop Lab-test produit-packaging-concept-paroi s\u00e9parative-\u00e9valuation de la couleur, le contr\u00f4le de la qualit\u00e9 des couleurs et la comparaison de la variation de couleur-test consommateur-test-produit-\u00e9clairage-blanc-LED\" aria-describedby=\"gallery-1-1293\" srcset=\"https:\/\/thelabinthebag.com\/fr\/wp-content\/uploads\/sites\/3\/2015\/09\/Desktop-Alu-2.jpg 822w, https:\/\/thelabinthebag.com\/fr\/wp-content\/uploads\/sites\/3\/2015\/09\/Desktop-Alu-2-300x199.jpg 300w\" sizes=\"auto, (max-width: 822px) 100vw, 822px\" \/><\/a>\n\t\t\t<\/dt>\n\t\t\t\t<dd class='wp-caption-text gallery-caption' id='gallery-1-1293'>\n\t\t\t\tDesktop Lab &#8211; Lumi\u00e8re LED standard\n\t\t\t\t<\/dd><\/dl><br style=\"clear: both\" \/>\n\t\t<\/div>\n\n<\/div><\/div><\/div>\n","protected":false},"excerpt":{"rendered":"","protected":false},"author":1,"featured_media":0,"parent":0,"menu_order":0,"comment_status":"closed","ping_status":"closed","template":"","meta":{"footnotes":""},"class_list":["post-308","page","type-page","status-publish","hentry"],"yoast_head":"<!-- This site is optimized with the Yoast SEO plugin v27.3 - https:\/\/yoast.com\/product\/yoast-seo-wordpress\/ -->\n<title>DESKTOP - Poste d&#039;analyse sensorielle de table<\/title>\n<meta name=\"description\" content=\"Desktop ALu \/ Polypro est un box mobile et pliable pour des utilisations ponctuelles et ainsi transformer vos salles en laboratoire d&#039;analyse sensorielle\" \/>\n<meta name=\"robots\" content=\"index, follow, max-snippet:-1, max-image-preview:large, max-video-preview:-1\" \/>\n<link rel=\"canonical\" href=\"https:\/\/thelabinthebag.com\/fr\/desktop\/\" \/>\n<meta name=\"twitter:label1\" content=\"Dur\u00e9e de lecture estim\u00e9e\" \/>\n\t<meta name=\"twitter:data1\" content=\"2 minutes\" \/>\n<script type=\"application\/ld+json\" class=\"yoast-schema-graph\">{\"@context\":\"https:\\\/\\\/schema.org\",\"@graph\":[{\"@type\":\"WebPage\",\"@id\":\"https:\\\/\\\/thelabinthebag.com\\\/fr\\\/desktop\\\/\",\"url\":\"https:\\\/\\\/thelabinthebag.com\\\/fr\\\/desktop\\\/\",\"name\":\"DESKTOP - Poste d'analyse sensorielle de table\",\"isPartOf\":{\"@id\":\"https:\\\/\\\/thelabinthebag.com\\\/fr\\\/#website\"},\"primaryImageOfPage\":{\"@id\":\"https:\\\/\\\/thelabinthebag.com\\\/fr\\\/desktop\\\/#primaryimage\"},\"image\":{\"@id\":\"https:\\\/\\\/thelabinthebag.com\\\/fr\\\/desktop\\\/#primaryimage\"},\"thumbnailUrl\":\"https:\\\/\\\/thelabinthebag.com\\\/fr\\\/wp-content\\\/uploads\\\/sites\\\/3\\\/2021\\\/04\\\/Desktop-4.jpg\",\"datePublished\":\"2015-09-16T14:02:52+00:00\",\"dateModified\":\"2025-04-02T16:18:19+00:00\",\"description\":\"Desktop ALu \\\/ Polypro est un box mobile et pliable pour des utilisations ponctuelles et ainsi transformer vos salles en laboratoire d'analyse sensorielle\",\"breadcrumb\":{\"@id\":\"https:\\\/\\\/thelabinthebag.com\\\/fr\\\/desktop\\\/#breadcrumb\"},\"inLanguage\":\"fr-FR\",\"potentialAction\":[{\"@type\":\"ReadAction\",\"target\":[\"https:\\\/\\\/thelabinthebag.com\\\/fr\\\/desktop\\\/\"]}]},{\"@type\":\"ImageObject\",\"inLanguage\":\"fr-FR\",\"@id\":\"https:\\\/\\\/thelabinthebag.com\\\/fr\\\/desktop\\\/#primaryimage\",\"url\":\"https:\\\/\\\/thelabinthebag.com\\\/fr\\\/wp-content\\\/uploads\\\/sites\\\/3\\\/2021\\\/04\\\/Desktop-4.jpg\",\"contentUrl\":\"https:\\\/\\\/thelabinthebag.com\\\/fr\\\/wp-content\\\/uploads\\\/sites\\\/3\\\/2021\\\/04\\\/Desktop-4.jpg\",\"width\":779,\"height\":490},{\"@type\":\"BreadcrumbList\",\"@id\":\"https:\\\/\\\/thelabinthebag.com\\\/fr\\\/desktop\\\/#breadcrumb\",\"itemListElement\":[{\"@type\":\"ListItem\",\"position\":1,\"name\":\"Home\",\"item\":\"https:\\\/\\\/thelabinthebag.com\\\/fr\\\/\"},{\"@type\":\"ListItem\",\"position\":2,\"name\":\"Desktop Lab\"}]},{\"@type\":\"WebSite\",\"@id\":\"https:\\\/\\\/thelabinthebag.com\\\/fr\\\/#website\",\"url\":\"https:\\\/\\\/thelabinthebag.com\\\/fr\\\/\",\"name\":\"THE LAB in The Bag FR\",\"description\":\"\",\"potentialAction\":[{\"@type\":\"SearchAction\",\"target\":{\"@type\":\"EntryPoint\",\"urlTemplate\":\"https:\\\/\\\/thelabinthebag.com\\\/fr\\\/?s={search_term_string}\"},\"query-input\":{\"@type\":\"PropertyValueSpecification\",\"valueRequired\":true,\"valueName\":\"search_term_string\"}}],\"inLanguage\":\"fr-FR\"}]}<\/script>\n<!-- \/ Yoast SEO plugin. -->","yoast_head_json":{"title":"DESKTOP - Poste d'analyse sensorielle de table","description":"Desktop ALu \/ Polypro est un box mobile et pliable pour des utilisations ponctuelles et ainsi transformer vos salles en laboratoire d'analyse sensorielle","robots":{"index":"index","follow":"follow","max-snippet":"max-snippet:-1","max-image-preview":"max-image-preview:large","max-video-preview":"max-video-preview:-1"},"canonical":"https:\/\/thelabinthebag.com\/fr\/desktop\/","twitter_misc":{"Dur\u00e9e de lecture estim\u00e9e":"2 minutes"},"schema":{"@context":"https:\/\/schema.org","@graph":[{"@type":"WebPage","@id":"https:\/\/thelabinthebag.com\/fr\/desktop\/","url":"https:\/\/thelabinthebag.com\/fr\/desktop\/","name":"DESKTOP - Poste d'analyse sensorielle de table","isPartOf":{"@id":"https:\/\/thelabinthebag.com\/fr\/#website"},"primaryImageOfPage":{"@id":"https:\/\/thelabinthebag.com\/fr\/desktop\/#primaryimage"},"image":{"@id":"https:\/\/thelabinthebag.com\/fr\/desktop\/#primaryimage"},"thumbnailUrl":"https:\/\/thelabinthebag.com\/fr\/wp-content\/uploads\/sites\/3\/2021\/04\/Desktop-4.jpg","datePublished":"2015-09-16T14:02:52+00:00","dateModified":"2025-04-02T16:18:19+00:00","description":"Desktop ALu \/ Polypro est un box mobile et pliable pour des utilisations ponctuelles et ainsi transformer vos salles en laboratoire d'analyse sensorielle","breadcrumb":{"@id":"https:\/\/thelabinthebag.com\/fr\/desktop\/#breadcrumb"},"inLanguage":"fr-FR","potentialAction":[{"@type":"ReadAction","target":["https:\/\/thelabinthebag.com\/fr\/desktop\/"]}]},{"@type":"ImageObject","inLanguage":"fr-FR","@id":"https:\/\/thelabinthebag.com\/fr\/desktop\/#primaryimage","url":"https:\/\/thelabinthebag.com\/fr\/wp-content\/uploads\/sites\/3\/2021\/04\/Desktop-4.jpg","contentUrl":"https:\/\/thelabinthebag.com\/fr\/wp-content\/uploads\/sites\/3\/2021\/04\/Desktop-4.jpg","width":779,"height":490},{"@type":"BreadcrumbList","@id":"https:\/\/thelabinthebag.com\/fr\/desktop\/#breadcrumb","itemListElement":[{"@type":"ListItem","position":1,"name":"Home","item":"https:\/\/thelabinthebag.com\/fr\/"},{"@type":"ListItem","position":2,"name":"Desktop Lab"}]},{"@type":"WebSite","@id":"https:\/\/thelabinthebag.com\/fr\/#website","url":"https:\/\/thelabinthebag.com\/fr\/","name":"THE LAB in The Bag FR","description":"","potentialAction":[{"@type":"SearchAction","target":{"@type":"EntryPoint","urlTemplate":"https:\/\/thelabinthebag.com\/fr\/?s={search_term_string}"},"query-input":{"@type":"PropertyValueSpecification","valueRequired":true,"valueName":"search_term_string"}}],"inLanguage":"fr-FR"}]}},"_links":{"self":[{"href":"https:\/\/thelabinthebag.com\/fr\/wp-json\/wp\/v2\/pages\/308","targetHints":{"allow":["GET"]}}],"collection":[{"href":"https:\/\/thelabinthebag.com\/fr\/wp-json\/wp\/v2\/pages"}],"about":[{"href":"https:\/\/thelabinthebag.com\/fr\/wp-json\/wp\/v2\/types\/page"}],"author":[{"embeddable":true,"href":"https:\/\/thelabinthebag.com\/fr\/wp-json\/wp\/v2\/users\/1"}],"replies":[{"embeddable":true,"href":"https:\/\/thelabinthebag.com\/fr\/wp-json\/wp\/v2\/comments?post=308"}],"version-history":[{"count":3,"href":"https:\/\/thelabinthebag.com\/fr\/wp-json\/wp\/v2\/pages\/308\/revisions"}],"predecessor-version":[{"id":1716,"href":"https:\/\/thelabinthebag.com\/fr\/wp-json\/wp\/v2\/pages\/308\/revisions\/1716"}],"wp:attachment":[{"href":"https:\/\/thelabinthebag.com\/fr\/wp-json\/wp\/v2\/media?parent=308"}],"curies":[{"name":"wp","href":"https:\/\/api.w.org\/{rel}","templated":true}]}}