{"id":67,"date":"2013-07-29T13:35:59","date_gmt":"2013-07-29T12:35:59","guid":{"rendered":"https:\/\/thelabinthebag.com\/?page_id=67"},"modified":"2024-01-10T15:59:03","modified_gmt":"2024-01-10T14:59:03","slug":"faq","status":"publish","type":"page","link":"https:\/\/thelabinthebag.com\/fr\/faq\/","title":{"rendered":"FAQ"},"content":{"rendered":"<p><strong><img loading=\"lazy\" decoding=\"async\" class=\"alignright wp-image-123\" src=\"\/wp-content\/uploads\/sites\/4\/2013\/07\/9486-130729-elements-picto-01_vertical.png\" alt=\"tests d'ar\u00f4mes, de parfums et de saveurs\" width=\"100\" height=\"490\" srcset=\"https:\/\/thelabinthebag.com\/fr\/wp-content\/uploads\/sites\/3\/2013\/07\/9486-130729-elements-picto-01_vertical.png 120w, https:\/\/thelabinthebag.com\/fr\/wp-content\/uploads\/sites\/3\/2013\/07\/9486-130729-elements-picto-01_vertical-61x300.png 61w\" sizes=\"auto, (max-width: 100px) 100vw, 100px\" \/><\/strong><\/p>\n<h3 style=\"font-size: 14px; color: #222;\">Quels tests de produits peut-on effectuer gr\u00e2ce aux cabines sensorielles mobiles The Lab in the Bag ?<\/h3>\n<ul>\n<li>tests de boissons<\/li>\n<li>tests de cosm\u00e9tiques<\/li>\n<li>tests de saveurs<\/li>\n<li>tests alimentaires<\/li>\n<li>tests de parfums<\/li>\n<li>tests de produits d&rsquo;hygi\u00e8ne-beaut\u00e9<\/li>\n<li>tests de go\u00fbts<\/li>\n<li>tests de packaging<\/li>\n<li>tests visuels<\/li>\n<li>tests publicitaires<\/li>\n<\/ul>\n<h3><strong>Combien de temps faut-il pour monter une cabine sensorielle mobile The Lab in the Bag ?<\/strong><\/h3>\n<p>6 minutes<\/p>\n<h3>Combien p\u00e8se une cabine sensorielle mobile The Lab in the Bag ?<\/h3>\n<p style=\"font-size: 14px; color: #222;\">25 kg<\/p>\n<p>De ce fait, son transport est grandement facilit\u00e9.<\/p>\n<h3>Combien co\u00fbte une cabine sensorielle mobile The Lab in the Bag ?<\/h3>\n<p>Commandes \u2013 Devis (cabines standard et sur mesure) \u2013 Informations techniques \u2013 Service client &amp; apr\u00e8s-vente\u00a0:<\/p>\n<blockquote>\n<h3><strong>The Lab in the Bag\u00ae<\/strong><\/h3>\n<h4>242 Boulevard Voltaire<br \/>\n75011 Paris \u2013 France<br \/>\nTel\u00a0: 00 33 1 44 29 60 00<br \/>\nE-mail\u00a0: <a href=\"mailto:contact@thelabinthebag.com\">contact@thelabinthebag.com<\/a><\/h4>\n<\/blockquote>\n<h2><span style=\"color: #33cccc;\"><strong><a style=\"color: #33cccc;\" href=\"https:\/\/thelabinthebag.com\/fr\/contact\/\">N&rsquo;h\u00e9sitez pas \u00e0 nous contacter.<\/a><\/strong><\/span><\/h2>\n","protected":false},"excerpt":{"rendered":"<p>Quels tests de produits peut-on effectuer gr\u00e2ce aux cabines sensorielles mobiles The Lab in the Bag ? tests de boissons tests de cosm\u00e9tiques tests de saveurs tests alimentaires tests de parfums tests de produits d&rsquo;hygi\u00e8ne-beaut\u00e9 tests de go\u00fbts tests de packaging tests visuels tests publicitaires Combien de temps faut-il pour monter une cabine sensorielle mobile [&hellip;]<\/p>\n","protected":false},"author":1,"featured_media":0,"parent":0,"menu_order":0,"comment_status":"open","ping_status":"open","template":"","meta":{"footnotes":""},"class_list":["post-67","page","type-page","status-publish","hentry"],"yoast_head":"<!-- This site is optimized with the Yoast SEO plugin v27.3 - https:\/\/yoast.com\/product\/yoast-seo-wordpress\/ -->\n<title>FAQ - Cabine d&#039;analyse sensorielle The Lab in the Bag<\/title>\n<meta name=\"description\" content=\"FAQ - Quels tests de produits peut-on effectuer gr\u00e2ce aux cabines sensorielles mobiles The Lab in the Bag ? tests de boissons, tests de cosm\u00e9tiques ...\" \/>\n<meta name=\"robots\" content=\"index, follow, max-snippet:-1, max-image-preview:large, max-video-preview:-1\" \/>\n<link rel=\"canonical\" href=\"https:\/\/thelabinthebag.com\/fr\/faq\/\" \/>\n<meta name=\"twitter:label1\" content=\"Dur\u00e9e de lecture estim\u00e9e\" \/>\n\t<meta name=\"twitter:data1\" content=\"1 minute\" \/>\n<script type=\"application\/ld+json\" class=\"yoast-schema-graph\">{\"@context\":\"https:\\\/\\\/schema.org\",\"@graph\":[{\"@type\":\"WebPage\",\"@id\":\"https:\\\/\\\/thelabinthebag.com\\\/fr\\\/faq\\\/\",\"url\":\"https:\\\/\\\/thelabinthebag.com\\\/fr\\\/faq\\\/\",\"name\":\"FAQ - Cabine d'analyse sensorielle The Lab in the Bag\",\"isPartOf\":{\"@id\":\"https:\\\/\\\/thelabinthebag.com\\\/fr\\\/#website\"},\"datePublished\":\"2013-07-29T12:35:59+00:00\",\"dateModified\":\"2024-01-10T14:59:03+00:00\",\"description\":\"FAQ - Quels tests de produits peut-on effectuer gr\u00e2ce aux cabines sensorielles mobiles The Lab in the Bag ? tests de boissons, tests de cosm\u00e9tiques ...\",\"breadcrumb\":{\"@id\":\"https:\\\/\\\/thelabinthebag.com\\\/fr\\\/faq\\\/#breadcrumb\"},\"inLanguage\":\"fr-FR\",\"potentialAction\":[{\"@type\":\"ReadAction\",\"target\":[\"https:\\\/\\\/thelabinthebag.com\\\/fr\\\/faq\\\/\"]}]},{\"@type\":\"BreadcrumbList\",\"@id\":\"https:\\\/\\\/thelabinthebag.com\\\/fr\\\/faq\\\/#breadcrumb\",\"itemListElement\":[{\"@type\":\"ListItem\",\"position\":1,\"name\":\"Home\",\"item\":\"https:\\\/\\\/thelabinthebag.com\\\/fr\\\/\"},{\"@type\":\"ListItem\",\"position\":2,\"name\":\"FAQ\"}]},{\"@type\":\"WebSite\",\"@id\":\"https:\\\/\\\/thelabinthebag.com\\\/fr\\\/#website\",\"url\":\"https:\\\/\\\/thelabinthebag.com\\\/fr\\\/\",\"name\":\"THE LAB in The Bag FR\",\"description\":\"\",\"potentialAction\":[{\"@type\":\"SearchAction\",\"target\":{\"@type\":\"EntryPoint\",\"urlTemplate\":\"https:\\\/\\\/thelabinthebag.com\\\/fr\\\/?s={search_term_string}\"},\"query-input\":{\"@type\":\"PropertyValueSpecification\",\"valueRequired\":true,\"valueName\":\"search_term_string\"}}],\"inLanguage\":\"fr-FR\"}]}<\/script>\n<!-- \/ Yoast SEO plugin. -->","yoast_head_json":{"title":"FAQ - Cabine d'analyse sensorielle The Lab in the Bag","description":"FAQ - Quels tests de produits peut-on effectuer gr\u00e2ce aux cabines sensorielles mobiles The Lab in the Bag ? tests de boissons, tests de cosm\u00e9tiques ...","robots":{"index":"index","follow":"follow","max-snippet":"max-snippet:-1","max-image-preview":"max-image-preview:large","max-video-preview":"max-video-preview:-1"},"canonical":"https:\/\/thelabinthebag.com\/fr\/faq\/","twitter_misc":{"Dur\u00e9e de lecture estim\u00e9e":"1 minute"},"schema":{"@context":"https:\/\/schema.org","@graph":[{"@type":"WebPage","@id":"https:\/\/thelabinthebag.com\/fr\/faq\/","url":"https:\/\/thelabinthebag.com\/fr\/faq\/","name":"FAQ - Cabine d'analyse sensorielle The Lab in the Bag","isPartOf":{"@id":"https:\/\/thelabinthebag.com\/fr\/#website"},"datePublished":"2013-07-29T12:35:59+00:00","dateModified":"2024-01-10T14:59:03+00:00","description":"FAQ - Quels tests de produits peut-on effectuer gr\u00e2ce aux cabines sensorielles mobiles The Lab in the Bag ? tests de boissons, tests de cosm\u00e9tiques ...","breadcrumb":{"@id":"https:\/\/thelabinthebag.com\/fr\/faq\/#breadcrumb"},"inLanguage":"fr-FR","potentialAction":[{"@type":"ReadAction","target":["https:\/\/thelabinthebag.com\/fr\/faq\/"]}]},{"@type":"BreadcrumbList","@id":"https:\/\/thelabinthebag.com\/fr\/faq\/#breadcrumb","itemListElement":[{"@type":"ListItem","position":1,"name":"Home","item":"https:\/\/thelabinthebag.com\/fr\/"},{"@type":"ListItem","position":2,"name":"FAQ"}]},{"@type":"WebSite","@id":"https:\/\/thelabinthebag.com\/fr\/#website","url":"https:\/\/thelabinthebag.com\/fr\/","name":"THE LAB in The Bag FR","description":"","potentialAction":[{"@type":"SearchAction","target":{"@type":"EntryPoint","urlTemplate":"https:\/\/thelabinthebag.com\/fr\/?s={search_term_string}"},"query-input":{"@type":"PropertyValueSpecification","valueRequired":true,"valueName":"search_term_string"}}],"inLanguage":"fr-FR"}]}},"_links":{"self":[{"href":"https:\/\/thelabinthebag.com\/fr\/wp-json\/wp\/v2\/pages\/67","targetHints":{"allow":["GET"]}}],"collection":[{"href":"https:\/\/thelabinthebag.com\/fr\/wp-json\/wp\/v2\/pages"}],"about":[{"href":"https:\/\/thelabinthebag.com\/fr\/wp-json\/wp\/v2\/types\/page"}],"author":[{"embeddable":true,"href":"https:\/\/thelabinthebag.com\/fr\/wp-json\/wp\/v2\/users\/1"}],"replies":[{"embeddable":true,"href":"https:\/\/thelabinthebag.com\/fr\/wp-json\/wp\/v2\/comments?post=67"}],"version-history":[{"count":0,"href":"https:\/\/thelabinthebag.com\/fr\/wp-json\/wp\/v2\/pages\/67\/revisions"}],"wp:attachment":[{"href":"https:\/\/thelabinthebag.com\/fr\/wp-json\/wp\/v2\/media?parent=67"}],"curies":[{"name":"wp","href":"https:\/\/api.w.org\/{rel}","templated":true}]}}