{"id":898,"date":"2016-10-28T10:52:46","date_gmt":"2016-10-28T09:52:46","guid":{"rendered":"https:\/\/thelabinthebag.com\/fr\/?page_id=898"},"modified":"2024-01-11T09:25:40","modified_gmt":"2024-01-11T08:25:40","slug":"table-lab","status":"publish","type":"page","link":"https:\/\/thelabinthebag.com\/fr\/table-lab\/","title":{"rendered":"Table Lab"},"content":{"rendered":"<div class=\"su-tabs su-tabs-style-default su-tabs-mobile-stack\" data-active=\"1\" data-scroll-offset=\"0\" data-anchor-in-url=\"no\"><div class=\"su-tabs-nav\"><span class=\"\" data-anchor=\"avantages\" data-url=\"\" data-target=\"blank\" tabindex=\"0\" role=\"button\">Avantages cl\u00e9s<\/span><span class=\"\" data-anchor=\"caracteristiques\" data-url=\"\" data-target=\"blank\" tabindex=\"0\" role=\"button\">Caract\u00e9ristiques techniques<\/span><span class=\"\" data-anchor=\"photos\" data-url=\"\" data-target=\"blank\" tabindex=\"0\" role=\"button\">Photos<\/span><\/div><div class=\"su-tabs-panes\"><div class=\"su-tabs-pane su-u-clearfix su-u-trim\" data-title=\"Avantages cl\u00e9s\">\n<p><a href=\"https:\/\/thelabinthebag.com\/fr\/wp-content\/uploads\/sites\/3\/2016\/10\/Table-Lab-1.jpg\" data-rel=\"lightbox-image-0\" data-rl_title=\"\" data-rl_caption=\"\" title=\"\"><img loading=\"lazy\" decoding=\"async\" class=\"size-full wp-image-899 aligncenter\" src=\"https:\/\/thelabinthebag.com\/fr\/wp-content\/uploads\/sites\/3\/2016\/10\/Table-Lab-1.jpg\" alt=\"Table Lab-1\" width=\"779\" height=\"331\" srcset=\"https:\/\/thelabinthebag.com\/fr\/wp-content\/uploads\/sites\/3\/2016\/10\/Table-Lab-1.jpg 779w, https:\/\/thelabinthebag.com\/fr\/wp-content\/uploads\/sites\/3\/2016\/10\/Table-Lab-1-300x127.jpg 300w\" sizes=\"auto, (max-width: 779px) 100vw, 779px\" \/><\/a><\/p>\n<h2>\u00a0Transformer votre table de r\u00e9unions\u00a0en\u00a0laboratoire d&rsquo;analyse sensorielle<\/h2>\n<ul>\n<li><strong>Table Lab est une table de r\u00e9union \u00e9volutive pour l&rsquo;analyse sensorielle.<\/strong><\/li>\n<\/ul>\n<p>Les postes d&rsquo;analyse sensorielle <strong>Desktop Premium\u00a0<\/strong>int\u00e9gr\u00e9s sont con\u00e7us \u00e0 partir de panneaux pliables en aluminium garantissant une parfaite\u00a0durabilit\u00e9 dans le temps du produit.<\/p>\n<p>L&rsquo;entretien des parois est tr\u00e8s simple et permet de nettoyer tout en conservant une parfaite int\u00e9grit\u00e9 du mat\u00e9riau.<\/p>\n<p>&nbsp;<\/p>\n<p><a class=\"button\" href=\"\/fr\/contact\">Nous contacter<\/a><\/p>\n<p>&nbsp;<\/p>\n<p><a href=\"https:\/\/thelabinthebag.com\/fr\/wp-content\/uploads\/sites\/3\/2016\/10\/Table-Lab-4-seats.jpg\" data-rel=\"lightbox-image-1\" data-rl_title=\"\" data-rl_caption=\"\" title=\"\"><img loading=\"lazy\" decoding=\"async\" class=\"wp-image-900 aligncenter\" src=\"https:\/\/thelabinthebag.com\/fr\/wp-content\/uploads\/sites\/3\/2016\/10\/Table-Lab-4-seats.jpg\" alt=\"Table Lab-4 seats\" width=\"747\" height=\"535\" \/><\/a><\/p>\n<\/div>\n<div class=\"su-tabs-pane su-u-clearfix su-u-trim\" data-title=\"Caract\u00e9ristiques techniques\">\n<h2>Caract\u00e9ristiques techniques<\/h2>\n<p><strong><u>Dimensions<\/u><\/strong><\/p>\n<ul>\n<li>Table Lab 4 places \u2192 1600 largeur x 1400 profondeur x Hauteur 800 mm<\/li>\n<li>Table Lab 6 places \u2192 2400 largeur x 1400 profondeur x Hauteur 800 mm<\/li>\n<li>Table Lab 8 places \u2192 3200 largeur x 1400 profondeur x Hauteur 800 mm<\/li>\n<\/ul>\n<p><a href=\"https:\/\/thelabinthebag.com\/fr\/wp-content\/uploads\/sites\/3\/2021\/04\/gamme-Table-Lab-scaled.jpg\" data-rel=\"lightbox-image-2\" data-rl_title=\"\" data-rl_caption=\"\" title=\"\"><img loading=\"lazy\" decoding=\"async\" class=\"alignnone wp-image-1435 size-large\" src=\"https:\/\/thelabinthebag.com\/fr\/wp-content\/uploads\/sites\/3\/2021\/04\/gamme-Table-Lab-scaled-e1618222393272-1024x402.jpg\" alt=\"\" width=\"1024\" height=\"402\" srcset=\"https:\/\/thelabinthebag.com\/fr\/wp-content\/uploads\/sites\/3\/2021\/04\/gamme-Table-Lab-scaled-e1618222393272-1024x402.jpg 1024w, https:\/\/thelabinthebag.com\/fr\/wp-content\/uploads\/sites\/3\/2021\/04\/gamme-Table-Lab-scaled-e1618222393272-300x118.jpg 300w, https:\/\/thelabinthebag.com\/fr\/wp-content\/uploads\/sites\/3\/2021\/04\/gamme-Table-Lab-scaled-e1618222393272-768x302.jpg 768w, https:\/\/thelabinthebag.com\/fr\/wp-content\/uploads\/sites\/3\/2021\/04\/gamme-Table-Lab-scaled-e1618222393272-1536x603.jpg 1536w, https:\/\/thelabinthebag.com\/fr\/wp-content\/uploads\/sites\/3\/2021\/04\/gamme-Table-Lab-scaled-e1618222393272-2048x805.jpg 2048w\" sizes=\"auto, (max-width: 1024px) 100vw, 1024px\" \/><\/a><\/p>\n<p><span style=\"text-decoration: underline;\"><strong>Temps de montage<\/strong><\/span> : 2 minutes (Mod\u00e8le Table Lab 4 places)<\/p>\n<p><strong>Information compl\u00e9mentaire<\/strong><\/p>\n<ul>\n<li>Mod\u00e8le disponible en 4, 6 et 8 places<\/li>\n<\/ul>\n<h2><strong>Options\u00a0<\/strong><\/h2>\n<ul>\n<li>Bandeau d\u2019\u00e9clairage\u00a0LED standard blanc<\/li>\n<li>Kit analyse 3 lumi\u00e8res ( lumi\u00e8re du jour, domestique et rouge\u00a0)<\/li>\n<li>Trou passe-c\u00e2bles pour\u00a0\u00e9quipement informatique<\/li>\n<li>Paroi s\u00e9parative<\/li>\n<li>Prises \u00e9lectriques et informatiques<\/li>\n<\/ul>\n<p>Cliquer sur ce lien pour acc\u00e9der \u00e0 notre page <strong><a href=\"https:\/\/thelabinthebag.com\/fr\/accessoires-optionnels\/\" target=\"_blank\" rel=\"noopener noreferrer\">Accessoires<\/a><\/strong><\/p>\n<p><a class=\"button\" href=\"\/fr\/contact\">Nous contacter<\/a><\/p>\n<p>&nbsp;<\/p>\n<p><a href=\"https:\/\/thelabinthebag.com\/fr\/wp-content\/uploads\/sites\/3\/2016\/10\/Table-\u00e9volutive.gif\" data-rel=\"lightbox-image-3\" data-rl_title=\"\" data-rl_caption=\"\" title=\"\"><img loading=\"lazy\" decoding=\"async\" class=\" wp-image-901 aligncenter\" src=\"https:\/\/thelabinthebag.com\/fr\/wp-content\/uploads\/sites\/3\/2016\/10\/Table-\u00e9volutive.gif\" alt=\"Table-\u00e9volutive\" width=\"767\" height=\"420\" \/><\/a><\/p>\n<\/div>\n<div class=\"su-tabs-pane su-u-clearfix su-u-trim\" data-title=\"Photos\">\n\n\t\t<style type=\"text\/css\">\n\t\t\t#gallery-1 {\n\t\t\t\tmargin: auto;\n\t\t\t}\n\t\t\t#gallery-1 .gallery-item {\n\t\t\t\tfloat: left;\n\t\t\t\tmargin-top: 10px;\n\t\t\t\ttext-align: center;\n\t\t\t\twidth: 33%;\n\t\t\t}\n\t\t\t#gallery-1 img {\n\t\t\t\tborder: 2px solid #cfcfcf;\n\t\t\t}\n\t\t\t#gallery-1 .gallery-caption {\n\t\t\t\tmargin-left: 0;\n\t\t\t}\n\t\t\t\/* see gallery_shortcode() in wp-includes\/media.php *\/\n\t\t<\/style>\n\t\t<div id='gallery-1' class='gallery galleryid-898 gallery-columns-3 gallery-size-thumbnail'><dl class='gallery-item'>\n\t\t\t<dt class='gallery-icon portrait'>\n\t\t\t\t<a href='https:\/\/thelabinthebag.com\/fr\/wp-content\/uploads\/sites\/3\/2021\/04\/Table-Lab-11.jpg' title=\"\" data-rl_title=\"\" class=\"rl-gallery-link\" data-rl_caption=\"\" data-rel=\"lightbox-gallery-1\"><img loading=\"lazy\" decoding=\"async\" width=\"150\" height=\"150\" src=\"https:\/\/thelabinthebag.com\/fr\/wp-content\/uploads\/sites\/3\/2021\/04\/Table-Lab-11-150x150.jpg\" class=\"attachment-thumbnail size-thumbnail\" alt=\"\" aria-describedby=\"gallery-1-1423\" \/><\/a>\n\t\t\t<\/dt>\n\t\t\t\t<dd class='wp-caption-text gallery-caption' id='gallery-1-1423'>\n\t\t\t\tTable Lab &#8211; Meeting mode\n\t\t\t\t<\/dd><\/dl><dl class='gallery-item'>\n\t\t\t<dt class='gallery-icon landscape'>\n\t\t\t\t<a href='https:\/\/thelabinthebag.com\/fr\/wp-content\/uploads\/sites\/3\/2021\/04\/Table-Lab-1.jpg' title=\"\" data-rl_title=\"\" class=\"rl-gallery-link\" data-rl_caption=\"\" data-rel=\"lightbox-gallery-1\"><img loading=\"lazy\" decoding=\"async\" width=\"150\" height=\"150\" src=\"https:\/\/thelabinthebag.com\/fr\/wp-content\/uploads\/sites\/3\/2021\/04\/Table-Lab-1-150x150.jpg\" class=\"attachment-thumbnail size-thumbnail\" alt=\"\" aria-describedby=\"gallery-1-1424\" \/><\/a>\n\t\t\t<\/dt>\n\t\t\t\t<dd class='wp-caption-text gallery-caption' id='gallery-1-1424'>\n\t\t\t\tTable Lab &#8211; Lab mode\n\t\t\t\t<\/dd><\/dl><dl class='gallery-item'>\n\t\t\t<dt class='gallery-icon landscape'>\n\t\t\t\t<a href='https:\/\/thelabinthebag.com\/fr\/wp-content\/uploads\/sites\/3\/2021\/04\/Table-Lab-2.jpg' title=\"\" data-rl_title=\"\" class=\"rl-gallery-link\" data-rl_caption=\"\" data-rel=\"lightbox-gallery-1\"><img loading=\"lazy\" decoding=\"async\" width=\"150\" height=\"150\" src=\"https:\/\/thelabinthebag.com\/fr\/wp-content\/uploads\/sites\/3\/2021\/04\/Table-Lab-2-150x150.jpg\" class=\"attachment-thumbnail size-thumbnail\" alt=\"\" aria-describedby=\"gallery-1-1425\" \/><\/a>\n\t\t\t<\/dt>\n\t\t\t\t<dd class='wp-caption-text gallery-caption' id='gallery-1-1425'>\n\t\t\t\tTable Lab &#8211; Meeting mode\n\t\t\t\t<\/dd><\/dl><br style=\"clear: both\" \/><dl class='gallery-item'>\n\t\t\t<dt class='gallery-icon landscape'>\n\t\t\t\t<a href='https:\/\/thelabinthebag.com\/fr\/wp-content\/uploads\/sites\/3\/2021\/04\/Table-Lab-3.jpg' title=\"\" data-rl_title=\"\" class=\"rl-gallery-link\" data-rl_caption=\"\" data-rel=\"lightbox-gallery-1\"><img loading=\"lazy\" decoding=\"async\" width=\"150\" height=\"150\" src=\"https:\/\/thelabinthebag.com\/fr\/wp-content\/uploads\/sites\/3\/2021\/04\/Table-Lab-3-150x150.jpg\" class=\"attachment-thumbnail size-thumbnail\" alt=\"\" aria-describedby=\"gallery-1-1426\" \/><\/a>\n\t\t\t<\/dt>\n\t\t\t\t<dd class='wp-caption-text gallery-caption' id='gallery-1-1426'>\n\t\t\t\tTable Lab &#8211; Meeting mode\n\t\t\t\t<\/dd><\/dl><dl class='gallery-item'>\n\t\t\t<dt class='gallery-icon portrait'>\n\t\t\t\t<a href='https:\/\/thelabinthebag.com\/fr\/wp-content\/uploads\/sites\/3\/2021\/04\/Table-Lab-4.jpg' title=\"\" data-rl_title=\"\" class=\"rl-gallery-link\" data-rl_caption=\"\" data-rel=\"lightbox-gallery-1\"><img loading=\"lazy\" decoding=\"async\" width=\"150\" height=\"150\" src=\"https:\/\/thelabinthebag.com\/fr\/wp-content\/uploads\/sites\/3\/2021\/04\/Table-Lab-4-150x150.jpg\" class=\"attachment-thumbnail size-thumbnail\" alt=\"\" aria-describedby=\"gallery-1-1427\" \/><\/a>\n\t\t\t<\/dt>\n\t\t\t\t<dd class='wp-caption-text gallery-caption' id='gallery-1-1427'>\n\t\t\t\tTable Lab &#8211; Lab mode\n\t\t\t\t<\/dd><\/dl><dl class='gallery-item'>\n\t\t\t<dt class='gallery-icon landscape'>\n\t\t\t\t<a href='https:\/\/thelabinthebag.com\/fr\/wp-content\/uploads\/sites\/3\/2021\/04\/Table-Lab-5.jpg' title=\"\" data-rl_title=\"\" class=\"rl-gallery-link\" data-rl_caption=\"\" data-rel=\"lightbox-gallery-1\"><img loading=\"lazy\" decoding=\"async\" width=\"150\" height=\"150\" src=\"https:\/\/thelabinthebag.com\/fr\/wp-content\/uploads\/sites\/3\/2021\/04\/Table-Lab-5-150x150.jpg\" class=\"attachment-thumbnail size-thumbnail\" alt=\"\" aria-describedby=\"gallery-1-1428\" \/><\/a>\n\t\t\t<\/dt>\n\t\t\t\t<dd class='wp-caption-text gallery-caption' id='gallery-1-1428'>\n\t\t\t\tTable Lab &#8211; Lab mode\n\t\t\t\t<\/dd><\/dl><br style=\"clear: both\" \/><dl class='gallery-item'>\n\t\t\t<dt class='gallery-icon landscape'>\n\t\t\t\t<a href='https:\/\/thelabinthebag.com\/fr\/wp-content\/uploads\/sites\/3\/2021\/04\/Table-Lab-6.jpg' title=\"\" data-rl_title=\"\" class=\"rl-gallery-link\" data-rl_caption=\"\" data-rel=\"lightbox-gallery-1\"><img loading=\"lazy\" decoding=\"async\" width=\"150\" height=\"150\" src=\"https:\/\/thelabinthebag.com\/fr\/wp-content\/uploads\/sites\/3\/2021\/04\/Table-Lab-6-150x150.jpg\" class=\"attachment-thumbnail size-thumbnail\" alt=\"\" aria-describedby=\"gallery-1-1429\" \/><\/a>\n\t\t\t<\/dt>\n\t\t\t\t<dd class='wp-caption-text gallery-caption' id='gallery-1-1429'>\n\t\t\t\tTable Lab &#8211; Lab mode\n\t\t\t\t<\/dd><\/dl><dl class='gallery-item'>\n\t\t\t<dt class='gallery-icon portrait'>\n\t\t\t\t<a href='https:\/\/thelabinthebag.com\/fr\/wp-content\/uploads\/sites\/3\/2021\/04\/Table-Lab-7.jpg' title=\"\" data-rl_title=\"\" class=\"rl-gallery-link\" data-rl_caption=\"\" data-rel=\"lightbox-gallery-1\"><img loading=\"lazy\" decoding=\"async\" width=\"150\" height=\"150\" src=\"https:\/\/thelabinthebag.com\/fr\/wp-content\/uploads\/sites\/3\/2021\/04\/Table-Lab-7-150x150.jpg\" class=\"attachment-thumbnail size-thumbnail\" alt=\"\" aria-describedby=\"gallery-1-1430\" \/><\/a>\n\t\t\t<\/dt>\n\t\t\t\t<dd class='wp-caption-text gallery-caption' id='gallery-1-1430'>\n\t\t\t\tTable Lab &#8211; Lab mode\n\t\t\t\t<\/dd><\/dl><dl class='gallery-item'>\n\t\t\t<dt class='gallery-icon landscape'>\n\t\t\t\t<a href='https:\/\/thelabinthebag.com\/fr\/wp-content\/uploads\/sites\/3\/2021\/04\/Table-Lab-8.jpg' title=\"\" data-rl_title=\"\" class=\"rl-gallery-link\" data-rl_caption=\"\" data-rel=\"lightbox-gallery-1\"><img loading=\"lazy\" decoding=\"async\" width=\"150\" height=\"150\" src=\"https:\/\/thelabinthebag.com\/fr\/wp-content\/uploads\/sites\/3\/2021\/04\/Table-Lab-8-150x150.jpg\" class=\"attachment-thumbnail size-thumbnail\" alt=\"\" aria-describedby=\"gallery-1-1431\" \/><\/a>\n\t\t\t<\/dt>\n\t\t\t\t<dd class='wp-caption-text gallery-caption' id='gallery-1-1431'>\n\t\t\t\tTable Lab &#8211; Lab mode\n\t\t\t\t<\/dd><\/dl><br style=\"clear: both\" \/><dl class='gallery-item'>\n\t\t\t<dt class='gallery-icon landscape'>\n\t\t\t\t<a href='https:\/\/thelabinthebag.com\/fr\/wp-content\/uploads\/sites\/3\/2021\/04\/Table-Lab-9-1.jpg' title=\"\" data-rl_title=\"\" class=\"rl-gallery-link\" data-rl_caption=\"\" data-rel=\"lightbox-gallery-1\"><img loading=\"lazy\" decoding=\"async\" width=\"150\" height=\"150\" src=\"https:\/\/thelabinthebag.com\/fr\/wp-content\/uploads\/sites\/3\/2021\/04\/Table-Lab-9-1-150x150.jpg\" class=\"attachment-thumbnail size-thumbnail\" alt=\"\" aria-describedby=\"gallery-1-1432\" \/><\/a>\n\t\t\t<\/dt>\n\t\t\t\t<dd class='wp-caption-text gallery-caption' id='gallery-1-1432'>\n\t\t\t\tTable Lab &#8211; Lab mode\n\t\t\t\t<\/dd><\/dl><dl class='gallery-item'>\n\t\t\t<dt class='gallery-icon landscape'>\n\t\t\t\t<a href='https:\/\/thelabinthebag.com\/fr\/wp-content\/uploads\/sites\/3\/2021\/04\/Table-Lab-10.jpg' title=\"\" data-rl_title=\"\" class=\"rl-gallery-link\" data-rl_caption=\"\" data-rel=\"lightbox-gallery-1\"><img loading=\"lazy\" decoding=\"async\" width=\"150\" height=\"150\" src=\"https:\/\/thelabinthebag.com\/fr\/wp-content\/uploads\/sites\/3\/2021\/04\/Table-Lab-10-150x150.jpg\" class=\"attachment-thumbnail size-thumbnail\" alt=\"\" aria-describedby=\"gallery-1-1433\" \/><\/a>\n\t\t\t<\/dt>\n\t\t\t\t<dd class='wp-caption-text gallery-caption' id='gallery-1-1433'>\n\t\t\t\tTable Lab &#8211; Lab mode\n\t\t\t\t<\/dd><\/dl>\n\t\t\t<br style='clear: both' \/>\n\t\t<\/div>\n\n<\/div><\/div><\/div>\n","protected":false},"excerpt":{"rendered":"","protected":false},"author":5,"featured_media":0,"parent":0,"menu_order":0,"comment_status":"closed","ping_status":"closed","template":"","meta":{"footnotes":""},"class_list":["post-898","page","type-page","status-publish","hentry"],"yoast_head":"<!-- This site is optimized with the Yoast SEO plugin v27.4 - https:\/\/yoast.com\/product\/yoast-seo-wordpress\/ -->\n<title>TABLE LAB - Laboratoire d&#039;analyse sensorielle<\/title>\n<meta name=\"description\" content=\"Table Lab est une table de r\u00e9union \u00e9volutive pour l&#039;analyse sensorielle. Temps de montage : 2 minutes (Mod\u00e8le 4 places)\" \/>\n<meta name=\"robots\" content=\"index, follow, max-snippet:-1, max-image-preview:large, max-video-preview:-1\" \/>\n<link rel=\"canonical\" href=\"https:\/\/thelabinthebag.com\/fr\/table-lab\/\" \/>\n<meta name=\"twitter:label1\" content=\"Dur\u00e9e de lecture estim\u00e9e\" \/>\n\t<meta name=\"twitter:data1\" content=\"2 minutes\" \/>\n<script type=\"application\/ld+json\" class=\"yoast-schema-graph\">{\"@context\":\"https:\\\/\\\/schema.org\",\"@graph\":[{\"@type\":\"WebPage\",\"@id\":\"https:\\\/\\\/thelabinthebag.com\\\/fr\\\/table-lab\\\/\",\"url\":\"https:\\\/\\\/thelabinthebag.com\\\/fr\\\/table-lab\\\/\",\"name\":\"TABLE LAB - Laboratoire d'analyse sensorielle\",\"isPartOf\":{\"@id\":\"https:\\\/\\\/thelabinthebag.com\\\/fr\\\/#website\"},\"primaryImageOfPage\":{\"@id\":\"https:\\\/\\\/thelabinthebag.com\\\/fr\\\/table-lab\\\/#primaryimage\"},\"image\":{\"@id\":\"https:\\\/\\\/thelabinthebag.com\\\/fr\\\/table-lab\\\/#primaryimage\"},\"thumbnailUrl\":\"https:\\\/\\\/thelabinthebag.com\\\/fr\\\/wp-content\\\/uploads\\\/sites\\\/3\\\/2016\\\/10\\\/Table-Lab-1.jpg\",\"datePublished\":\"2016-10-28T09:52:46+00:00\",\"dateModified\":\"2024-01-11T08:25:40+00:00\",\"description\":\"Table Lab est une table de r\u00e9union \u00e9volutive pour l'analyse sensorielle. Temps de montage : 2 minutes (Mod\u00e8le 4 places)\",\"breadcrumb\":{\"@id\":\"https:\\\/\\\/thelabinthebag.com\\\/fr\\\/table-lab\\\/#breadcrumb\"},\"inLanguage\":\"fr-FR\",\"potentialAction\":[{\"@type\":\"ReadAction\",\"target\":[\"https:\\\/\\\/thelabinthebag.com\\\/fr\\\/table-lab\\\/\"]}]},{\"@type\":\"ImageObject\",\"inLanguage\":\"fr-FR\",\"@id\":\"https:\\\/\\\/thelabinthebag.com\\\/fr\\\/table-lab\\\/#primaryimage\",\"url\":\"https:\\\/\\\/thelabinthebag.com\\\/fr\\\/wp-content\\\/uploads\\\/sites\\\/3\\\/2016\\\/10\\\/Table-Lab-1.jpg\",\"contentUrl\":\"https:\\\/\\\/thelabinthebag.com\\\/fr\\\/wp-content\\\/uploads\\\/sites\\\/3\\\/2016\\\/10\\\/Table-Lab-1.jpg\",\"width\":779,\"height\":331,\"caption\":\"cabine analyse sensorielle-Table Lab est une table de r\u00e9union \u00e9volutive pour l'analyse sensorielle. cabine\"},{\"@type\":\"BreadcrumbList\",\"@id\":\"https:\\\/\\\/thelabinthebag.com\\\/fr\\\/table-lab\\\/#breadcrumb\",\"itemListElement\":[{\"@type\":\"ListItem\",\"position\":1,\"name\":\"Home\",\"item\":\"https:\\\/\\\/thelabinthebag.com\\\/fr\\\/\"},{\"@type\":\"ListItem\",\"position\":2,\"name\":\"Table Lab\"}]},{\"@type\":\"WebSite\",\"@id\":\"https:\\\/\\\/thelabinthebag.com\\\/fr\\\/#website\",\"url\":\"https:\\\/\\\/thelabinthebag.com\\\/fr\\\/\",\"name\":\"THE LAB in The Bag FR\",\"description\":\"\",\"potentialAction\":[{\"@type\":\"SearchAction\",\"target\":{\"@type\":\"EntryPoint\",\"urlTemplate\":\"https:\\\/\\\/thelabinthebag.com\\\/fr\\\/?s={search_term_string}\"},\"query-input\":{\"@type\":\"PropertyValueSpecification\",\"valueRequired\":true,\"valueName\":\"search_term_string\"}}],\"inLanguage\":\"fr-FR\"}]}<\/script>\n<!-- \/ Yoast SEO plugin. -->","yoast_head_json":{"title":"TABLE LAB - Laboratoire d'analyse sensorielle","description":"Table Lab est une table de r\u00e9union \u00e9volutive pour l'analyse sensorielle. Temps de montage : 2 minutes (Mod\u00e8le 4 places)","robots":{"index":"index","follow":"follow","max-snippet":"max-snippet:-1","max-image-preview":"max-image-preview:large","max-video-preview":"max-video-preview:-1"},"canonical":"https:\/\/thelabinthebag.com\/fr\/table-lab\/","twitter_misc":{"Dur\u00e9e de lecture estim\u00e9e":"2 minutes"},"schema":{"@context":"https:\/\/schema.org","@graph":[{"@type":"WebPage","@id":"https:\/\/thelabinthebag.com\/fr\/table-lab\/","url":"https:\/\/thelabinthebag.com\/fr\/table-lab\/","name":"TABLE LAB - Laboratoire d'analyse sensorielle","isPartOf":{"@id":"https:\/\/thelabinthebag.com\/fr\/#website"},"primaryImageOfPage":{"@id":"https:\/\/thelabinthebag.com\/fr\/table-lab\/#primaryimage"},"image":{"@id":"https:\/\/thelabinthebag.com\/fr\/table-lab\/#primaryimage"},"thumbnailUrl":"https:\/\/thelabinthebag.com\/fr\/wp-content\/uploads\/sites\/3\/2016\/10\/Table-Lab-1.jpg","datePublished":"2016-10-28T09:52:46+00:00","dateModified":"2024-01-11T08:25:40+00:00","description":"Table Lab est une table de r\u00e9union \u00e9volutive pour l'analyse sensorielle. Temps de montage : 2 minutes (Mod\u00e8le 4 places)","breadcrumb":{"@id":"https:\/\/thelabinthebag.com\/fr\/table-lab\/#breadcrumb"},"inLanguage":"fr-FR","potentialAction":[{"@type":"ReadAction","target":["https:\/\/thelabinthebag.com\/fr\/table-lab\/"]}]},{"@type":"ImageObject","inLanguage":"fr-FR","@id":"https:\/\/thelabinthebag.com\/fr\/table-lab\/#primaryimage","url":"https:\/\/thelabinthebag.com\/fr\/wp-content\/uploads\/sites\/3\/2016\/10\/Table-Lab-1.jpg","contentUrl":"https:\/\/thelabinthebag.com\/fr\/wp-content\/uploads\/sites\/3\/2016\/10\/Table-Lab-1.jpg","width":779,"height":331,"caption":"cabine analyse sensorielle-Table Lab est une table de r\u00e9union \u00e9volutive pour l'analyse sensorielle. cabine"},{"@type":"BreadcrumbList","@id":"https:\/\/thelabinthebag.com\/fr\/table-lab\/#breadcrumb","itemListElement":[{"@type":"ListItem","position":1,"name":"Home","item":"https:\/\/thelabinthebag.com\/fr\/"},{"@type":"ListItem","position":2,"name":"Table Lab"}]},{"@type":"WebSite","@id":"https:\/\/thelabinthebag.com\/fr\/#website","url":"https:\/\/thelabinthebag.com\/fr\/","name":"THE LAB in The Bag FR","description":"","potentialAction":[{"@type":"SearchAction","target":{"@type":"EntryPoint","urlTemplate":"https:\/\/thelabinthebag.com\/fr\/?s={search_term_string}"},"query-input":{"@type":"PropertyValueSpecification","valueRequired":true,"valueName":"search_term_string"}}],"inLanguage":"fr-FR"}]}},"_links":{"self":[{"href":"https:\/\/thelabinthebag.com\/fr\/wp-json\/wp\/v2\/pages\/898","targetHints":{"allow":["GET"]}}],"collection":[{"href":"https:\/\/thelabinthebag.com\/fr\/wp-json\/wp\/v2\/pages"}],"about":[{"href":"https:\/\/thelabinthebag.com\/fr\/wp-json\/wp\/v2\/types\/page"}],"author":[{"embeddable":true,"href":"https:\/\/thelabinthebag.com\/fr\/wp-json\/wp\/v2\/users\/5"}],"replies":[{"embeddable":true,"href":"https:\/\/thelabinthebag.com\/fr\/wp-json\/wp\/v2\/comments?post=898"}],"version-history":[{"count":0,"href":"https:\/\/thelabinthebag.com\/fr\/wp-json\/wp\/v2\/pages\/898\/revisions"}],"wp:attachment":[{"href":"https:\/\/thelabinthebag.com\/fr\/wp-json\/wp\/v2\/media?parent=898"}],"curies":[{"name":"wp","href":"https:\/\/api.w.org\/{rel}","templated":true}]}}