{"id":94,"date":"2013-07-26T08:52:22","date_gmt":"2013-07-26T07:52:22","guid":{"rendered":"https:\/\/thelabinthebag.com\/?page_id=2"},"modified":"2019-09-25T15:21:38","modified_gmt":"2019-09-25T14:21:38","slug":"accueil","status":"publish","type":"page","link":"https:\/\/thelabinthebag.com\/fr\/","title":{"rendered":"Accueil"},"content":{"rendered":"<h3><a class=\"button\" style=\"float: right;\" href=\"\/fr\/contact\/\">Contactez-nous<\/a><\/h3>\n<h3><span style=\"color: #ffffff;\">The Lab in the Bag\u00ae \/ The Room for the Senses\u00ae<\/span><\/h3>\n<p><span style=\"color: #ffffff;\">Concepteur et industriel de 2 gammes de produits et solutions:<\/span><\/p>\n<ul>\n<li><span style=\"color: #ffffff;\">Espaces Immersifs Multi-sensoriels (\u00e9tudes, R&amp;D, communication, formation, bien-\u00eatre,\u2026)<\/span><\/li>\n<li><span style=\"color: #ffffff;\">Solutions mobiles et connect\u00e9es, et d\u2019outils d\u2019\u00e9tudes pour l\u2019analyse sensorielle<\/span><\/li>\n<\/ul>\n","protected":false},"excerpt":{"rendered":"<p>Contactez-nous The Lab in the Bag\u00ae \/ The Room for the Senses\u00ae Concepteur et industriel de 2 gammes de produits et solutions: Espaces Immersifs Multi-sensoriels (\u00e9tudes, R&amp;D, communication, formation, bien-\u00eatre,\u2026) Solutions mobiles et connect\u00e9es, et d\u2019outils d\u2019\u00e9tudes pour l\u2019analyse sensorielle<\/p>\n","protected":false},"author":1,"featured_media":0,"parent":0,"menu_order":0,"comment_status":"closed","ping_status":"closed","template":"","meta":{"footnotes":""},"class_list":["post-94","page","type-page","status-publish","hentry"],"yoast_head":"<!-- This site is optimized with the Yoast SEO plugin v27.4 - https:\/\/yoast.com\/product\/yoast-seo-wordpress\/ -->\n<title>THE LAB in the Bag - Exp\u00e9riences immersives multisensorielles<\/title>\n<meta name=\"description\" content=\"Fabricant de salles immersives (\u00e9v\u00e9nementiel, sant\u00e9, bien-\u00eatre, marketing), de cabines amovibles et d&#039;\u00e9quipements innovants pour l&#039;analyse sensorielle.\" \/>\n<meta name=\"robots\" content=\"index, follow, max-snippet:-1, max-image-preview:large, max-video-preview:-1\" \/>\n<link rel=\"canonical\" href=\"https:\/\/thelabinthebag.com\/fr\/\" \/>\n<script type=\"application\/ld+json\" class=\"yoast-schema-graph\">{\"@context\":\"https:\\\/\\\/schema.org\",\"@graph\":[{\"@type\":\"WebPage\",\"@id\":\"https:\\\/\\\/thelabinthebag.com\\\/fr\\\/\",\"url\":\"https:\\\/\\\/thelabinthebag.com\\\/fr\\\/\",\"name\":\"THE LAB in the Bag - Exp\u00e9riences immersives multisensorielles\",\"isPartOf\":{\"@id\":\"https:\\\/\\\/thelabinthebag.com\\\/fr\\\/#website\"},\"datePublished\":\"2013-07-26T07:52:22+00:00\",\"dateModified\":\"2019-09-25T14:21:38+00:00\",\"description\":\"Fabricant de salles immersives (\u00e9v\u00e9nementiel, sant\u00e9, bien-\u00eatre, marketing), de cabines amovibles et d'\u00e9quipements innovants pour l'analyse sensorielle.\",\"breadcrumb\":{\"@id\":\"https:\\\/\\\/thelabinthebag.com\\\/fr\\\/#breadcrumb\"},\"inLanguage\":\"fr-FR\",\"potentialAction\":[{\"@type\":\"ReadAction\",\"target\":[\"https:\\\/\\\/thelabinthebag.com\\\/fr\\\/\"]}]},{\"@type\":\"BreadcrumbList\",\"@id\":\"https:\\\/\\\/thelabinthebag.com\\\/fr\\\/#breadcrumb\",\"itemListElement\":[{\"@type\":\"ListItem\",\"position\":1,\"name\":\"Home\",\"item\":\"https:\\\/\\\/thelabinthebag.com\\\/fr\\\/\"},{\"@type\":\"ListItem\",\"position\":2,\"name\":\"Accueil\"}]},{\"@type\":\"WebSite\",\"@id\":\"https:\\\/\\\/thelabinthebag.com\\\/fr\\\/#website\",\"url\":\"https:\\\/\\\/thelabinthebag.com\\\/fr\\\/\",\"name\":\"THE LAB in The Bag FR\",\"description\":\"\",\"potentialAction\":[{\"@type\":\"SearchAction\",\"target\":{\"@type\":\"EntryPoint\",\"urlTemplate\":\"https:\\\/\\\/thelabinthebag.com\\\/fr\\\/?s={search_term_string}\"},\"query-input\":{\"@type\":\"PropertyValueSpecification\",\"valueRequired\":true,\"valueName\":\"search_term_string\"}}],\"inLanguage\":\"fr-FR\"}]}<\/script>\n<!-- \/ Yoast SEO plugin. -->","yoast_head_json":{"title":"THE LAB in the Bag - Exp\u00e9riences immersives multisensorielles","description":"Fabricant de salles immersives (\u00e9v\u00e9nementiel, sant\u00e9, bien-\u00eatre, marketing), de cabines amovibles et d'\u00e9quipements innovants pour l'analyse sensorielle.","robots":{"index":"index","follow":"follow","max-snippet":"max-snippet:-1","max-image-preview":"max-image-preview:large","max-video-preview":"max-video-preview:-1"},"canonical":"https:\/\/thelabinthebag.com\/fr\/","schema":{"@context":"https:\/\/schema.org","@graph":[{"@type":"WebPage","@id":"https:\/\/thelabinthebag.com\/fr\/","url":"https:\/\/thelabinthebag.com\/fr\/","name":"THE LAB in the Bag - Exp\u00e9riences immersives multisensorielles","isPartOf":{"@id":"https:\/\/thelabinthebag.com\/fr\/#website"},"datePublished":"2013-07-26T07:52:22+00:00","dateModified":"2019-09-25T14:21:38+00:00","description":"Fabricant de salles immersives (\u00e9v\u00e9nementiel, sant\u00e9, bien-\u00eatre, marketing), de cabines amovibles et d'\u00e9quipements innovants pour l'analyse sensorielle.","breadcrumb":{"@id":"https:\/\/thelabinthebag.com\/fr\/#breadcrumb"},"inLanguage":"fr-FR","potentialAction":[{"@type":"ReadAction","target":["https:\/\/thelabinthebag.com\/fr\/"]}]},{"@type":"BreadcrumbList","@id":"https:\/\/thelabinthebag.com\/fr\/#breadcrumb","itemListElement":[{"@type":"ListItem","position":1,"name":"Home","item":"https:\/\/thelabinthebag.com\/fr\/"},{"@type":"ListItem","position":2,"name":"Accueil"}]},{"@type":"WebSite","@id":"https:\/\/thelabinthebag.com\/fr\/#website","url":"https:\/\/thelabinthebag.com\/fr\/","name":"THE LAB in The Bag FR","description":"","potentialAction":[{"@type":"SearchAction","target":{"@type":"EntryPoint","urlTemplate":"https:\/\/thelabinthebag.com\/fr\/?s={search_term_string}"},"query-input":{"@type":"PropertyValueSpecification","valueRequired":true,"valueName":"search_term_string"}}],"inLanguage":"fr-FR"}]}},"_links":{"self":[{"href":"https:\/\/thelabinthebag.com\/fr\/wp-json\/wp\/v2\/pages\/94","targetHints":{"allow":["GET"]}}],"collection":[{"href":"https:\/\/thelabinthebag.com\/fr\/wp-json\/wp\/v2\/pages"}],"about":[{"href":"https:\/\/thelabinthebag.com\/fr\/wp-json\/wp\/v2\/types\/page"}],"author":[{"embeddable":true,"href":"https:\/\/thelabinthebag.com\/fr\/wp-json\/wp\/v2\/users\/1"}],"replies":[{"embeddable":true,"href":"https:\/\/thelabinthebag.com\/fr\/wp-json\/wp\/v2\/comments?post=94"}],"version-history":[{"count":0,"href":"https:\/\/thelabinthebag.com\/fr\/wp-json\/wp\/v2\/pages\/94\/revisions"}],"wp:attachment":[{"href":"https:\/\/thelabinthebag.com\/fr\/wp-json\/wp\/v2\/media?parent=94"}],"curies":[{"name":"wp","href":"https:\/\/api.w.org\/{rel}","templated":true}]}}